{"id":80434,"date":"2026-01-09T15:24:24","date_gmt":"2026-01-09T14:24:24","guid":{"rendered":"https:\/\/lagunaparkhotel.demo.deverso.tech\/rezervace\/"},"modified":"2026-01-15T12:13:56","modified_gmt":"2026-01-15T11:13:56","slug":"rezervace","status":"publish","type":"page","link":"https:\/\/lagunaparkhotel.demo.deverso.tech\/cs\/rezervace\/","title":{"rendered":"Rezervace"},"content":{"rendered":"\n<p>Kontaktuj <strong>Laguna Park Hotel<\/strong> a zjisti v\u0161echny mo\u017enosti a nab\u00eddky pro svou dovolenou v Bibione! Person\u00e1l na\u0161eho hotelu ti r\u00e1d odpov\u00ed s laskavost\u00ed a profesionalitou a poskytne v\u0161echny pot\u0159ebn\u00e9 informace.<br\/>M\u016f\u017ee\u0161 zjistit v\u0161e, co Bibione nab\u00edz\u00ed pro tvou dovolenou: od bujn\u00e9ho borov\u00e9ho lesa, kter\u00fd stoj\u00ed za n\u00e1v\u0161t\u011bvu pro relaxa\u010dn\u00ed chv\u00edle v kontaktu s p\u0159\u00edrodou a z\u00e1bavn\u00e9 v\u00fdlety s rodinou, a\u017e po term\u00e1ln\u00ed centrum, kde se m\u016f\u017ee\u0161 h\u00fd\u010dkat a pe\u010dovat o sv\u00e9 zdrav\u00ed. P\u0159edstav\u00edme ti tak\u00e9 slu\u017eby na\u0161eho hotelu v Bibione pro tvou dovolenou a z\u00e1bavn\u00ed mo\u017enosti, kter\u00e9 m\u011bsto nab\u00edz\u00ed.<br\/>Pou\u017eij na\u0161i slu\u017ebu <strong>online rezervace<\/strong> pro <strong>rezervaci<\/strong> sv\u00e9 dovolen\u00e9 v Bibione, je to pohodln\u00e9, bezpe\u010dn\u00e9 a rychl\u00e9, a umo\u017en\u00ed ti zobrazit pokoje a apartm\u00e1 hotelu, ov\u011b\u0159it jejich dostupnost pro obdob\u00ed, kter\u00e9 t\u011b zaj\u00edm\u00e1, a rezervovat je n\u011bkolika jednoduch\u00fdmi kliknut\u00edmi.<br\/>Hled\u00e1\u0161 <strong>nejvhodn\u011bj\u0161\u00ed \u0159e\u0161en\u00ed<\/strong> pro svou dovolenou v Bibione? <strong>Vypl\u0148 formul\u00e1\u0159<\/strong> a najdi ho s na\u0161\u00edm odborn\u00edkem, kter\u00fd je ti pln\u011b k dispozici.<\/p>\n","protected":false},"excerpt":{"rendered":"<p>Kontaktuj Laguna Park Hotel a zjisti v\u0161echny mo\u017enosti a nab\u00eddky pro svou dovolenou v Bibione! Person\u00e1l na\u0161eho hotelu ti r\u00e1d odpov\u00ed s laskavost\u00ed a profesionalitou a poskytne v\u0161echny pot\u0159ebn\u00e9 informace.M\u016f\u017ee\u0161&#8230;<\/p>\n","protected":false},"author":3,"featured_media":76925,"parent":0,"menu_order":135,"comment_status":"closed","ping_status":"closed","template":"templates\/reservation-page.php","meta":{"_acf_changed":false,"footnotes":""},"category_page":[],"class_list":["post-80434","page","type-page","status-publish","has-post-thumbnail","hentry"],"acf":[],"yoast_head":"<!-- This site is optimized with the Yoast SEO plugin v27.4 - https:\/\/yoast.com\/product\/yoast-seo-wordpress\/ -->\n<title>Rezervace - Laguna Park Hotel Bibione<\/title>\n<meta name=\"robots\" content=\"noindex, follow, max-snippet:-1, max-image-preview:large, max-video-preview:-1\" \/>\n<meta property=\"og:locale\" content=\"cs_CZ\" \/>\n<meta property=\"og:type\" content=\"article\" \/>\n<meta property=\"og:title\" content=\"Rezervace - Laguna Park Hotel Bibione\" \/>\n<meta property=\"og:description\" content=\"Kontaktuj Laguna Park Hotel a zjisti v\u0161echny mo\u017enosti a nab\u00eddky pro svou dovolenou v Bibione! Person\u00e1l na\u0161eho hotelu ti r\u00e1d odpov\u00ed s laskavost\u00ed a profesionalitou a poskytne v\u0161echny pot\u0159ebn\u00e9 informace.M\u016f\u017ee\u0161...\" \/>\n<meta property=\"og:url\" content=\"https:\/\/lagunaparkhotel.demo.deverso.tech\/cs\/rezervace\/\" \/>\n<meta property=\"og:site_name\" content=\"Laguna Park Hotel Bibione\" \/>\n<meta property=\"article:modified_time\" content=\"2026-01-15T11:13:56+00:00\" \/>\n<meta property=\"og:image\" content=\"https:\/\/lagunaparkhotel.demo.deverso.tech\/wp-content\/uploads\/header-servizi-1-1024x684.jpg\" \/>\n\t<meta property=\"og:image:width\" content=\"1024\" \/>\n\t<meta property=\"og:image:height\" content=\"684\" \/>\n\t<meta property=\"og:image:type\" content=\"image\/jpeg\" \/>\n<meta name=\"twitter:card\" content=\"summary_large_image\" \/>\n<meta name=\"twitter:label1\" content=\"Odhadovan\u00e1 doba \u010dten\u00ed\" \/>\n\t<meta name=\"twitter:data1\" content=\"1 minuta\" \/>\n<script type=\"application\/ld+json\" class=\"yoast-schema-graph\">{\"@context\":\"https:\\\/\\\/schema.org\",\"@graph\":[{\"@type\":\"WebPage\",\"@id\":\"https:\\\/\\\/lagunaparkhotel.demo.deverso.tech\\\/cs\\\/rezervace\\\/\",\"url\":\"https:\\\/\\\/lagunaparkhotel.demo.deverso.tech\\\/cs\\\/rezervace\\\/\",\"name\":\"Rezervace - Laguna Park Hotel Bibione\",\"isPartOf\":{\"@id\":\"https:\\\/\\\/lagunaparkhotel.demo.deverso.tech\\\/cs\\\/#website\"},\"primaryImageOfPage\":{\"@id\":\"https:\\\/\\\/lagunaparkhotel.demo.deverso.tech\\\/cs\\\/rezervace\\\/#primaryimage\"},\"image\":{\"@id\":\"https:\\\/\\\/lagunaparkhotel.demo.deverso.tech\\\/cs\\\/rezervace\\\/#primaryimage\"},\"thumbnailUrl\":\"https:\\\/\\\/lagunaparkhotel.demo.deverso.tech\\\/wp-content\\\/uploads\\\/header-servizi-1-768x513.webp\",\"datePublished\":\"2026-01-09T14:24:24+00:00\",\"dateModified\":\"2026-01-15T11:13:56+00:00\",\"breadcrumb\":{\"@id\":\"https:\\\/\\\/lagunaparkhotel.demo.deverso.tech\\\/cs\\\/rezervace\\\/#breadcrumb\"},\"inLanguage\":\"cs\",\"potentialAction\":[{\"@type\":\"ReadAction\",\"target\":[\"https:\\\/\\\/lagunaparkhotel.demo.deverso.tech\\\/cs\\\/rezervace\\\/\"]}]},{\"@type\":\"ImageObject\",\"inLanguage\":\"cs\",\"@id\":\"https:\\\/\\\/lagunaparkhotel.demo.deverso.tech\\\/cs\\\/rezervace\\\/#primaryimage\",\"url\":\"https:\\\/\\\/lagunaparkhotel.demo.deverso.tech\\\/wp-content\\\/uploads\\\/header-servizi-1-768x513.webp\",\"contentUrl\":\"https:\\\/\\\/lagunaparkhotel.demo.deverso.tech\\\/wp-content\\\/uploads\\\/header-servizi-1-768x513.webp\",\"width\":2400,\"height\":1602,\"caption\":\"ragazzi in psiaggia\"},{\"@type\":\"BreadcrumbList\",\"@id\":\"https:\\\/\\\/lagunaparkhotel.demo.deverso.tech\\\/cs\\\/rezervace\\\/#breadcrumb\",\"itemListElement\":[{\"@type\":\"ListItem\",\"position\":1,\"name\":\"Home\",\"item\":\"https:\\\/\\\/lagunaparkhotel.demo.deverso.tech\\\/cs\\\/\"},{\"@type\":\"ListItem\",\"position\":2,\"name\":\"Rezervace\"}]},{\"@type\":\"WebSite\",\"@id\":\"https:\\\/\\\/lagunaparkhotel.demo.deverso.tech\\\/cs\\\/#website\",\"url\":\"https:\\\/\\\/lagunaparkhotel.demo.deverso.tech\\\/cs\\\/\",\"name\":\"Laguna Park Hotel Bibione\",\"description\":\"\",\"potentialAction\":[{\"@type\":\"SearchAction\",\"target\":{\"@type\":\"EntryPoint\",\"urlTemplate\":\"https:\\\/\\\/lagunaparkhotel.demo.deverso.tech\\\/cs\\\/?s={search_term_string}\"},\"query-input\":{\"@type\":\"PropertyValueSpecification\",\"valueRequired\":true,\"valueName\":\"search_term_string\"}}],\"inLanguage\":\"cs\"}]}<\/script>\n<!-- \/ Yoast SEO plugin. -->","yoast_head_json":{"title":"Rezervace - Laguna Park Hotel Bibione","robots":{"index":"noindex","follow":"follow","max-snippet":"max-snippet:-1","max-image-preview":"max-image-preview:large","max-video-preview":"max-video-preview:-1"},"og_locale":"cs_CZ","og_type":"article","og_title":"Rezervace - Laguna Park Hotel Bibione","og_description":"Kontaktuj Laguna Park Hotel a zjisti v\u0161echny mo\u017enosti a nab\u00eddky pro svou dovolenou v Bibione! Person\u00e1l na\u0161eho hotelu ti r\u00e1d odpov\u00ed s laskavost\u00ed a profesionalitou a poskytne v\u0161echny pot\u0159ebn\u00e9 informace.M\u016f\u017ee\u0161...","og_url":"https:\/\/lagunaparkhotel.demo.deverso.tech\/cs\/rezervace\/","og_site_name":"Laguna Park Hotel Bibione","article_modified_time":"2026-01-15T11:13:56+00:00","og_image":[{"width":1024,"height":684,"url":"https:\/\/lagunaparkhotel.demo.deverso.tech\/wp-content\/uploads\/header-servizi-1-1024x684.jpg","type":"image\/jpeg"}],"twitter_card":"summary_large_image","twitter_misc":{"Odhadovan\u00e1 doba \u010dten\u00ed":"1 minuta"},"schema":{"@context":"https:\/\/schema.org","@graph":[{"@type":"WebPage","@id":"https:\/\/lagunaparkhotel.demo.deverso.tech\/cs\/rezervace\/","url":"https:\/\/lagunaparkhotel.demo.deverso.tech\/cs\/rezervace\/","name":"Rezervace - Laguna Park Hotel Bibione","isPartOf":{"@id":"https:\/\/lagunaparkhotel.demo.deverso.tech\/cs\/#website"},"primaryImageOfPage":{"@id":"https:\/\/lagunaparkhotel.demo.deverso.tech\/cs\/rezervace\/#primaryimage"},"image":{"@id":"https:\/\/lagunaparkhotel.demo.deverso.tech\/cs\/rezervace\/#primaryimage"},"thumbnailUrl":"https:\/\/lagunaparkhotel.demo.deverso.tech\/wp-content\/uploads\/header-servizi-1-768x513.webp","datePublished":"2026-01-09T14:24:24+00:00","dateModified":"2026-01-15T11:13:56+00:00","breadcrumb":{"@id":"https:\/\/lagunaparkhotel.demo.deverso.tech\/cs\/rezervace\/#breadcrumb"},"inLanguage":"cs","potentialAction":[{"@type":"ReadAction","target":["https:\/\/lagunaparkhotel.demo.deverso.tech\/cs\/rezervace\/"]}]},{"@type":"ImageObject","inLanguage":"cs","@id":"https:\/\/lagunaparkhotel.demo.deverso.tech\/cs\/rezervace\/#primaryimage","url":"https:\/\/lagunaparkhotel.demo.deverso.tech\/wp-content\/uploads\/header-servizi-1-768x513.webp","contentUrl":"https:\/\/lagunaparkhotel.demo.deverso.tech\/wp-content\/uploads\/header-servizi-1-768x513.webp","width":2400,"height":1602,"caption":"ragazzi in psiaggia"},{"@type":"BreadcrumbList","@id":"https:\/\/lagunaparkhotel.demo.deverso.tech\/cs\/rezervace\/#breadcrumb","itemListElement":[{"@type":"ListItem","position":1,"name":"Home","item":"https:\/\/lagunaparkhotel.demo.deverso.tech\/cs\/"},{"@type":"ListItem","position":2,"name":"Rezervace"}]},{"@type":"WebSite","@id":"https:\/\/lagunaparkhotel.demo.deverso.tech\/cs\/#website","url":"https:\/\/lagunaparkhotel.demo.deverso.tech\/cs\/","name":"Laguna Park Hotel Bibione","description":"","potentialAction":[{"@type":"SearchAction","target":{"@type":"EntryPoint","urlTemplate":"https:\/\/lagunaparkhotel.demo.deverso.tech\/cs\/?s={search_term_string}"},"query-input":{"@type":"PropertyValueSpecification","valueRequired":true,"valueName":"search_term_string"}}],"inLanguage":"cs"}]}},"_links":{"self":[{"href":"https:\/\/lagunaparkhotel.demo.deverso.tech\/cs\/wp-json\/wp\/v2\/pages\/80434","targetHints":{"allow":["GET"]}}],"collection":[{"href":"https:\/\/lagunaparkhotel.demo.deverso.tech\/cs\/wp-json\/wp\/v2\/pages"}],"about":[{"href":"https:\/\/lagunaparkhotel.demo.deverso.tech\/cs\/wp-json\/wp\/v2\/types\/page"}],"author":[{"embeddable":true,"href":"https:\/\/lagunaparkhotel.demo.deverso.tech\/cs\/wp-json\/wp\/v2\/users\/3"}],"replies":[{"embeddable":true,"href":"https:\/\/lagunaparkhotel.demo.deverso.tech\/cs\/wp-json\/wp\/v2\/comments?post=80434"}],"version-history":[{"count":1,"href":"https:\/\/lagunaparkhotel.demo.deverso.tech\/cs\/wp-json\/wp\/v2\/pages\/80434\/revisions"}],"predecessor-version":[{"id":80435,"href":"https:\/\/lagunaparkhotel.demo.deverso.tech\/cs\/wp-json\/wp\/v2\/pages\/80434\/revisions\/80435"}],"wp:featuredmedia":[{"embeddable":true,"href":"https:\/\/lagunaparkhotel.demo.deverso.tech\/cs\/wp-json\/wp\/v2\/media\/76925"}],"wp:attachment":[{"href":"https:\/\/lagunaparkhotel.demo.deverso.tech\/cs\/wp-json\/wp\/v2\/media?parent=80434"}],"wp:term":[{"taxonomy":"category_page","embeddable":true,"href":"https:\/\/lagunaparkhotel.demo.deverso.tech\/cs\/wp-json\/wp\/v2\/category_page?post=80434"}],"curies":[{"name":"wp","href":"https:\/\/api.w.org\/{rel}","templated":true}]}}