{"id":80452,"date":"2025-12-18T17:06:30","date_gmt":"2025-12-18T16:06:30","guid":{"rendered":"https:\/\/lagunaparkhotel.demo.deverso.tech\/condizioni-generali\/"},"modified":"2026-01-15T16:48:23","modified_gmt":"2026-01-15T15:48:23","slug":"condizioni-generali","status":"publish","type":"page","link":"https:\/\/lagunaparkhotel.demo.deverso.tech\/cs\/condizioni-generali\/","title":{"rendered":"Vseobecne podminky"},"content":{"rendered":"\n<p>CHECK-IN od 13:00 | CHECK-OUT do 10:00<\/p>\n\n\n\n<h2 class=\"wp-block-heading has-large-font-size\">Storno podm\u00ednky:<\/h2>\n\n\n\n<ul class=\"wp-block-list\">\n<li>V p\u0159\u00edpad\u011b zru\u0161en\u00ed a\u017e 15 dn\u00ed p\u0159ed p\u0159\u00edjezdem: mo\u017enost zm\u011bnit term\u00edn pobytu bez sankc\u00ed nebo p\u0159ev\u00e9st z\u00e1lohu na poukaz platn\u00fd pro rezervaci b\u011bhem aktu\u00e1ln\u00edho roku nebo nejpozd\u011bji v roce n\u00e1sleduj\u00edc\u00edm<\/li>\n\n\n\n<li>Od 14 dn\u00ed p\u0159ed p\u0159\u00edjezdem do no-show: z\u00e1loha propad\u00e1<\/li>\n\n\n\n<li>U tarifu \u201eNEN\u00cd MO\u017dN\u00c9 VR\u00c1TIT\u201c v p\u0159\u00edpad\u011b zru\u0161en\u00ed, zm\u011bn nebo no-show bude \u00fa\u010dtov\u00e1na cel\u00e1 \u010d\u00e1stka za pobyt<\/li>\n<\/ul>\n\n\n\n<h2 class=\"wp-block-heading has-large-font-size\">P\u0159\u00edjezd, nedostaven\u00ed se:<\/h2>\n\n\n\n<p>P\u0159\u00edjezd mus\u00ed prob\u011bhnout v dohodnut\u00fd den po 13:00. P\u0159i p\u0159\u00edjezdu je nutn\u00e9 p\u0159edlo\u017eit identifika\u010dn\u00ed doklady v\u0161ech osob, kter\u00e9 obsazuj\u00ed pokoj, k registraci.<br>V p\u0159\u00edpad\u011b zpo\u017ed\u011bn\u00ed mus\u00ed z\u00e1kazn\u00edk co nejd\u0159\u00edve informovat hotel; jinak bude pokoj rezervov\u00e1n do 10:00 n\u00e1sleduj\u00edc\u00edho dne, po \u010dem\u017e si hotel vyhrazuje pr\u00e1vo pronajmout jej t\u0159et\u00edm osob\u00e1m.<\/p>\n\n\n\n<h2 class=\"wp-block-heading has-large-font-size\">P\u0159ed\u010dasn\u00fd odjezd:<\/h2>\n\n\n\n<p>Pokud se z\u00e1kazn\u00edk, kter\u00fd ji\u017e bydl\u00ed, rozhodne odjet d\u0159\u00edve, ne\u017e bylo dohodnuto \u2013 s v\u00fdjimkou dokumentovan\u00e9 vy\u0161\u0161\u00ed moci \u2013 m\u016f\u017ee hotel po\u017eadovat po z\u00e1kazn\u00edkovi platbu za pokoj za cel\u00e9 obdob\u00ed uveden\u00e9 v rezervaci (pokud nen\u00ed chyba p\u0159i\u010d\u00edt\u00e1na hotelu nebo jeho zam\u011bstnanc\u016fm), s ode\u010dten\u00edm nevyu\u017eit\u00fdch j\u00eddel.<\/p>\n\n\n\n<h2 class=\"wp-block-heading has-large-font-size\">V\u00fdpo\u010det cen:<\/h2>\n\n\n\n<p>Slevy (pro osoby na pokoji se 2 pln\u011b plat\u00edc\u00edmi osobami, v\u010detn\u011b d\u011btsk\u00e9 post\u00fdlky nebo p\u0159ist\u00fdlky):<br>100\u202f% pro d\u011bti od 0 do 2,99 let | 50\u202f% pro d\u011bti od 3 do 5,99 let | 30\u202f% pro d\u011bti od 6 do 13,99 let | 15\u202f% pro t\u0159et\u00ed osobu od 14 let v\u00fd\u0161e<br>(V pokoj\u00edch Classica a Luminosa lze zdarma p\u0159idat dal\u0161\u00ed d\u00edt\u011b od 0 do 2 let ve spole\u010dn\u00e9 posteli s rodi\u010di nebo v d\u011btsk\u00e9 post\u00fdlce.)<\/p>\n\n\n\n<h2 class=\"wp-block-heading has-large-font-size\">Zahrnut\u00e9 slu\u017eby:<\/h2>\n\n\n\n<ul class=\"wp-block-list\">\n<li>DPH<\/li>\n\n\n\n<li>Pl\u00e1\u017eov\u00fd servis (1 slune\u010dn\u00edk a 2 XL leh\u00e1tka \u2013 slu\u017eba garantov\u00e1na od poloviny kv\u011btna do poloviny z\u00e1\u0159\u00ed)<\/li>\n\n\n\n<li>Vyu\u017eit\u00ed baz\u00e9nu a slune\u010dn\u00ed terasy (od kv\u011btna do z\u00e1\u0159\u00ed), vnit\u0159n\u00ed herna<\/li>\n\n\n\n<li>Vstup do wellness z\u00f3ny \u201eLaguna SPA\u201c a kardio-fitness z\u00f3ny<\/li>\n\n\n\n<li>Kyvadlov\u00e1 doprava do centra Bibione Spiaggia<\/li>\n\n\n\n<li>Denn\u00ed \u00faklid v\u010detn\u011b v\u00fdm\u011bny pl\u00e1\u017eov\u00fdch osu\u0161ek, lo\u017en\u00edho pr\u00e1dla a ru\u010dn\u00edk\u016f<\/li>\n\n\n\n<li>Anima\u010dn\u00ed program: d\u011btsk\u00e9 aktivity, wellness aktivity pro dosp\u011bl\u00e9, ve\u010dern\u00ed programy<\/li>\n\n\n\n<li>P\u016fj\u010den\u00ed j\u00edzdn\u00edch kol (do vy\u010derp\u00e1n\u00ed kapacity)<\/li>\n\n\n\n<li>Klimatizace \/ Topen\u00ed<\/li>\n\n\n\n<li>Parkovac\u00ed m\u00edsto v gar\u00e1\u017ei<\/li>\n\n\n\n<li>Wi-Fi p\u0159ipojen\u00ed<\/li>\n\n\n\n<li>Europa Card: slevov\u00e1 karta na Bibione Thermae, restaurace, obchody a dal\u0161\u00ed aktivity<\/li>\n<\/ul>\n\n\n\n<h2 class=\"wp-block-heading has-large-font-size\">Za p\u0159\u00edplatek:<\/h2>\n\n\n\n<ul class=\"wp-block-list\">\n<li>N\u00e1poje: nejsou zahrnuty<\/li>\n\n\n\n<li>M\u00edstn\u00ed poplatek: cena nezahrnuje turistickou da\u0148 2,35 \u20ac na osobu a noc od 4 let, max. na 10 po sob\u011b jdouc\u00edch noc\u00ed<\/li>\n\n\n\n<li>Restaurace: bufet Free Service nebo obsluha u stolu dle rozhodnut\u00ed veden\u00ed\n<ul class=\"wp-block-list\">\n<li>Extra sn\u00eddan\u011b \u201eFree Service\u201c: 20,00 \u20ac<\/li>\n\n\n\n<li>Extra ve\u010de\u0159e \u201eFree Service\u201c (bez n\u00e1poj\u016f): 40,00 \u20ac<\/li>\n<\/ul>\n<\/li>\n\n\n\n<li>O\u0161et\u0159en\u00ed a mas\u00e1\u017ee ve wellness Laguna SPA (menu a ceny na str\u00e1nce \u201eLaguna SPA\u201c)<\/li>\n<\/ul>\n\n\n\n<p><strong>Dom\u00e1c\u00ed mazl\u00ed\u010dci<\/strong>: Dom\u00e1c\u00ed zv\u00ed\u0159ata nejsou povolena<\/p>\n\n\n\n<p><em>V p\u0159\u00edpad\u011b vy\u0161\u0161\u00ed moci nebo mimo\u0159\u00e1dn\u00fdch okolnost\u00ed si veden\u00ed hotel\u016f a apartm\u00e1nov\u00fdch hotel\u016f Europa Tourist Group vyhrazuje pr\u00e1vo p\u0159esunout rezervaci, i \u010d\u00e1ste\u010dn\u011b, do jednoho z na\u0161ich podobn\u00fdch za\u0159\u00edzen\u00ed za stejn\u00fdch cenov\u00fdch a servisn\u00edch podm\u00ednek.<\/em><\/p>\n\n\n\n<p>JEDINE\u010cN\u00dd IDENTIFIKA\u010cN\u00cd K\u00d3D: 027034-ALB-00002<br><strong>CIN<\/strong>: IT027034A1BW2GWTW6<\/p>\n\n\n\n<p><\/p>\n","protected":false},"excerpt":{"rendered":"<p>CHECK-IN od 13:00 | CHECK-OUT do 10:00 Storno podm\u00ednky: P\u0159\u00edjezd, nedostaven\u00ed se: P\u0159\u00edjezd mus\u00ed prob\u011bhnout v dohodnut\u00fd den po 13:00. P\u0159i p\u0159\u00edjezdu je nutn\u00e9 p\u0159edlo\u017eit identifika\u010dn\u00ed doklady v\u0161ech osob, kter\u00e9&#8230;<\/p>\n","protected":false},"author":1,"featured_media":0,"parent":0,"menu_order":172,"comment_status":"closed","ping_status":"closed","template":"templates\/full-text-page.php","meta":{"_acf_changed":false,"footnotes":""},"category_page":[],"class_list":["post-80452","page","type-page","status-publish","hentry"],"acf":[],"yoast_head":"<!-- This site is optimized with the Yoast SEO plugin v27.4 - https:\/\/yoast.com\/product\/yoast-seo-wordpress\/ -->\n<title>Vseobecne podminky - Laguna Park Hotel Bibione<\/title>\n<meta name=\"robots\" content=\"noindex, follow, max-snippet:-1, max-image-preview:large, max-video-preview:-1\" \/>\n<meta property=\"og:locale\" content=\"cs_CZ\" \/>\n<meta property=\"og:type\" content=\"article\" \/>\n<meta property=\"og:title\" content=\"Vseobecne podminky - Laguna Park Hotel Bibione\" \/>\n<meta property=\"og:description\" content=\"CHECK-IN od 13:00 | CHECK-OUT do 10:00 Storno podm\u00ednky: P\u0159\u00edjezd, nedostaven\u00ed se: P\u0159\u00edjezd mus\u00ed prob\u011bhnout v dohodnut\u00fd den po 13:00. P\u0159i p\u0159\u00edjezdu je nutn\u00e9 p\u0159edlo\u017eit identifika\u010dn\u00ed doklady v\u0161ech osob, kter\u00e9...\" \/>\n<meta property=\"og:url\" content=\"https:\/\/lagunaparkhotel.demo.deverso.tech\/cs\/condizioni-generali\/\" \/>\n<meta property=\"og:site_name\" content=\"Laguna Park Hotel Bibione\" \/>\n<meta property=\"article:modified_time\" content=\"2026-01-15T15:48:23+00:00\" \/>\n<meta name=\"twitter:card\" content=\"summary_large_image\" \/>\n<meta name=\"twitter:label1\" content=\"Odhadovan\u00e1 doba \u010dten\u00ed\" \/>\n\t<meta name=\"twitter:data1\" content=\"3 minuty\" \/>\n<script type=\"application\/ld+json\" class=\"yoast-schema-graph\">{\"@context\":\"https:\\\/\\\/schema.org\",\"@graph\":[{\"@type\":\"WebPage\",\"@id\":\"https:\\\/\\\/lagunaparkhotel.demo.deverso.tech\\\/cs\\\/condizioni-generali\\\/\",\"url\":\"https:\\\/\\\/lagunaparkhotel.demo.deverso.tech\\\/cs\\\/condizioni-generali\\\/\",\"name\":\"Vseobecne podminky - Laguna Park Hotel Bibione\",\"isPartOf\":{\"@id\":\"https:\\\/\\\/lagunaparkhotel.demo.deverso.tech\\\/cs\\\/#website\"},\"datePublished\":\"2025-12-18T16:06:30+00:00\",\"dateModified\":\"2026-01-15T15:48:23+00:00\",\"breadcrumb\":{\"@id\":\"https:\\\/\\\/lagunaparkhotel.demo.deverso.tech\\\/cs\\\/condizioni-generali\\\/#breadcrumb\"},\"inLanguage\":\"cs\",\"potentialAction\":[{\"@type\":\"ReadAction\",\"target\":[\"https:\\\/\\\/lagunaparkhotel.demo.deverso.tech\\\/cs\\\/condizioni-generali\\\/\"]}]},{\"@type\":\"BreadcrumbList\",\"@id\":\"https:\\\/\\\/lagunaparkhotel.demo.deverso.tech\\\/cs\\\/condizioni-generali\\\/#breadcrumb\",\"itemListElement\":[{\"@type\":\"ListItem\",\"position\":1,\"name\":\"Home\",\"item\":\"https:\\\/\\\/lagunaparkhotel.demo.deverso.tech\\\/cs\\\/\"},{\"@type\":\"ListItem\",\"position\":2,\"name\":\"Vseobecne podminky\"}]},{\"@type\":\"WebSite\",\"@id\":\"https:\\\/\\\/lagunaparkhotel.demo.deverso.tech\\\/cs\\\/#website\",\"url\":\"https:\\\/\\\/lagunaparkhotel.demo.deverso.tech\\\/cs\\\/\",\"name\":\"Laguna Park Hotel Bibione\",\"description\":\"\",\"potentialAction\":[{\"@type\":\"SearchAction\",\"target\":{\"@type\":\"EntryPoint\",\"urlTemplate\":\"https:\\\/\\\/lagunaparkhotel.demo.deverso.tech\\\/cs\\\/?s={search_term_string}\"},\"query-input\":{\"@type\":\"PropertyValueSpecification\",\"valueRequired\":true,\"valueName\":\"search_term_string\"}}],\"inLanguage\":\"cs\"}]}<\/script>\n<!-- \/ Yoast SEO plugin. -->","yoast_head_json":{"title":"Vseobecne podminky - Laguna Park Hotel Bibione","robots":{"index":"noindex","follow":"follow","max-snippet":"max-snippet:-1","max-image-preview":"max-image-preview:large","max-video-preview":"max-video-preview:-1"},"og_locale":"cs_CZ","og_type":"article","og_title":"Vseobecne podminky - Laguna Park Hotel Bibione","og_description":"CHECK-IN od 13:00 | CHECK-OUT do 10:00 Storno podm\u00ednky: P\u0159\u00edjezd, nedostaven\u00ed se: P\u0159\u00edjezd mus\u00ed prob\u011bhnout v dohodnut\u00fd den po 13:00. P\u0159i p\u0159\u00edjezdu je nutn\u00e9 p\u0159edlo\u017eit identifika\u010dn\u00ed doklady v\u0161ech osob, kter\u00e9...","og_url":"https:\/\/lagunaparkhotel.demo.deverso.tech\/cs\/condizioni-generali\/","og_site_name":"Laguna Park Hotel Bibione","article_modified_time":"2026-01-15T15:48:23+00:00","twitter_card":"summary_large_image","twitter_misc":{"Odhadovan\u00e1 doba \u010dten\u00ed":"3 minuty"},"schema":{"@context":"https:\/\/schema.org","@graph":[{"@type":"WebPage","@id":"https:\/\/lagunaparkhotel.demo.deverso.tech\/cs\/condizioni-generali\/","url":"https:\/\/lagunaparkhotel.demo.deverso.tech\/cs\/condizioni-generali\/","name":"Vseobecne podminky - Laguna Park Hotel Bibione","isPartOf":{"@id":"https:\/\/lagunaparkhotel.demo.deverso.tech\/cs\/#website"},"datePublished":"2025-12-18T16:06:30+00:00","dateModified":"2026-01-15T15:48:23+00:00","breadcrumb":{"@id":"https:\/\/lagunaparkhotel.demo.deverso.tech\/cs\/condizioni-generali\/#breadcrumb"},"inLanguage":"cs","potentialAction":[{"@type":"ReadAction","target":["https:\/\/lagunaparkhotel.demo.deverso.tech\/cs\/condizioni-generali\/"]}]},{"@type":"BreadcrumbList","@id":"https:\/\/lagunaparkhotel.demo.deverso.tech\/cs\/condizioni-generali\/#breadcrumb","itemListElement":[{"@type":"ListItem","position":1,"name":"Home","item":"https:\/\/lagunaparkhotel.demo.deverso.tech\/cs\/"},{"@type":"ListItem","position":2,"name":"Vseobecne podminky"}]},{"@type":"WebSite","@id":"https:\/\/lagunaparkhotel.demo.deverso.tech\/cs\/#website","url":"https:\/\/lagunaparkhotel.demo.deverso.tech\/cs\/","name":"Laguna Park Hotel Bibione","description":"","potentialAction":[{"@type":"SearchAction","target":{"@type":"EntryPoint","urlTemplate":"https:\/\/lagunaparkhotel.demo.deverso.tech\/cs\/?s={search_term_string}"},"query-input":{"@type":"PropertyValueSpecification","valueRequired":true,"valueName":"search_term_string"}}],"inLanguage":"cs"}]}},"_links":{"self":[{"href":"https:\/\/lagunaparkhotel.demo.deverso.tech\/cs\/wp-json\/wp\/v2\/pages\/80452","targetHints":{"allow":["GET"]}}],"collection":[{"href":"https:\/\/lagunaparkhotel.demo.deverso.tech\/cs\/wp-json\/wp\/v2\/pages"}],"about":[{"href":"https:\/\/lagunaparkhotel.demo.deverso.tech\/cs\/wp-json\/wp\/v2\/types\/page"}],"author":[{"embeddable":true,"href":"https:\/\/lagunaparkhotel.demo.deverso.tech\/cs\/wp-json\/wp\/v2\/users\/1"}],"replies":[{"embeddable":true,"href":"https:\/\/lagunaparkhotel.demo.deverso.tech\/cs\/wp-json\/wp\/v2\/comments?post=80452"}],"version-history":[{"count":4,"href":"https:\/\/lagunaparkhotel.demo.deverso.tech\/cs\/wp-json\/wp\/v2\/pages\/80452\/revisions"}],"predecessor-version":[{"id":80494,"href":"https:\/\/lagunaparkhotel.demo.deverso.tech\/cs\/wp-json\/wp\/v2\/pages\/80452\/revisions\/80494"}],"wp:attachment":[{"href":"https:\/\/lagunaparkhotel.demo.deverso.tech\/cs\/wp-json\/wp\/v2\/media?parent=80452"}],"wp:term":[{"taxonomy":"category_page","embeddable":true,"href":"https:\/\/lagunaparkhotel.demo.deverso.tech\/cs\/wp-json\/wp\/v2\/category_page?post=80452"}],"curies":[{"name":"wp","href":"https:\/\/api.w.org\/{rel}","templated":true}]}}