{"id":80438,"date":"2026-01-09T15:24:24","date_gmt":"2026-01-09T14:24:24","guid":{"rendered":"https:\/\/lagunaparkhotel.demo.deverso.tech\/reservation\/"},"modified":"2026-01-15T12:14:48","modified_gmt":"2026-01-15T11:14:48","slug":"reservation","status":"publish","type":"page","link":"https:\/\/lagunaparkhotel.demo.deverso.tech\/de\/reservation\/","title":{"rendered":"Reservation"},"content":{"rendered":"\n<p>Contatta <strong>Laguna Park Hotel<\/strong> per conoscere tutte le possibilit\u00e0 e le offerte per le tue vacanze a Bibione! Lo staff del nostro hotel sar\u00e0 lieto di risponderti con cortesia e professionalit\u00e0 per darti tutte le informazioni di cui hai bisogno.<br\/>Potrai conoscere tutto ci\u00f2 che Bibione ha da offrire per le tue vacanze: dalla lussureggiante pineta da visitare per trascorrere rilassanti momenti a contatto con la natura e fare divertenti escursioni con la famiglia, al centro termale dove poterti coccolare e prenderti cura del tuo benessere. Ti illustreremo inoltre i servizi del nostro hotel di Bibione per le tue vacanze e le occasioni di svago offerte dalla citt\u00e0.<br\/>Utilizza il nostro servizio di <strong>booking online<\/strong> per <strong>prenotare<\/strong> le tue vacanze a Bibione, \u00e8 comodo, sicuro e veloce, e ti permetter\u00e0 di visualizzare le camere e le suite dell\u2019albergo, verificarne la disponibilit\u00e0 per il periodo di tuo interesse e prenotarle con pochi e semplici clic.<br\/>Cerchi la <strong>soluzione pi\u00f9 adatta<\/strong> per le tue vacanze a Bibione? <strong>Compila il form<\/strong> e trovala con un nostro esperto a tua completa disposizone<\/p>\n","protected":false},"excerpt":{"rendered":"<p>Contatta Laguna Park Hotel per conoscere tutte le possibilit\u00e0 e le offerte per le tue vacanze a Bibione! Lo staff del nostro hotel sar\u00e0 lieto di risponderti con cortesia e&#8230;<\/p>\n","protected":false},"author":3,"featured_media":76927,"parent":0,"menu_order":120,"comment_status":"closed","ping_status":"closed","template":"templates\/reservation-page.php","meta":{"_acf_changed":false,"footnotes":""},"category_page":[],"class_list":["post-80438","page","type-page","status-publish","has-post-thumbnail","hentry"],"acf":[],"yoast_head":"<!-- This site is optimized with the Yoast SEO plugin v27.4 - https:\/\/yoast.com\/product\/yoast-seo-wordpress\/ -->\n<title>Reservation - Laguna Park Hotel Bibione<\/title>\n<meta name=\"robots\" content=\"noindex, follow, max-snippet:-1, max-image-preview:large, max-video-preview:-1\" \/>\n<meta property=\"og:locale\" content=\"de_DE\" \/>\n<meta property=\"og:type\" content=\"article\" \/>\n<meta property=\"og:title\" content=\"Reservation - Laguna Park Hotel Bibione\" \/>\n<meta property=\"og:description\" content=\"Contatta Laguna Park Hotel per conoscere tutte le possibilit\u00e0 e le offerte per le tue vacanze a Bibione! Lo staff del nostro hotel sar\u00e0 lieto di risponderti con cortesia e...\" \/>\n<meta property=\"og:url\" content=\"https:\/\/lagunaparkhotel.demo.deverso.tech\/de\/reservation\/\" \/>\n<meta property=\"og:site_name\" content=\"Laguna Park Hotel Bibione\" \/>\n<meta property=\"article:modified_time\" content=\"2026-01-15T11:14:48+00:00\" \/>\n<meta property=\"og:image\" content=\"https:\/\/lagunaparkhotel.demo.deverso.tech\/wp-content\/uploads\/header-servizi-1-1024x684.jpg\" \/>\n\t<meta property=\"og:image:width\" content=\"1024\" \/>\n\t<meta property=\"og:image:height\" content=\"684\" \/>\n\t<meta property=\"og:image:type\" content=\"image\/jpeg\" \/>\n<meta name=\"twitter:card\" content=\"summary_large_image\" \/>\n<meta name=\"twitter:label1\" content=\"Gesch\u00e4tzte Lesezeit\" \/>\n\t<meta name=\"twitter:data1\" content=\"1\u00a0Minute\" \/>\n<script type=\"application\/ld+json\" class=\"yoast-schema-graph\">{\"@context\":\"https:\\\/\\\/schema.org\",\"@graph\":[{\"@type\":\"WebPage\",\"@id\":\"https:\\\/\\\/lagunaparkhotel.demo.deverso.tech\\\/de\\\/reservation\\\/\",\"url\":\"https:\\\/\\\/lagunaparkhotel.demo.deverso.tech\\\/de\\\/reservation\\\/\",\"name\":\"Reservation - Laguna Park Hotel Bibione\",\"isPartOf\":{\"@id\":\"https:\\\/\\\/lagunaparkhotel.demo.deverso.tech\\\/de\\\/#website\"},\"primaryImageOfPage\":{\"@id\":\"https:\\\/\\\/lagunaparkhotel.demo.deverso.tech\\\/de\\\/reservation\\\/#primaryimage\"},\"image\":{\"@id\":\"https:\\\/\\\/lagunaparkhotel.demo.deverso.tech\\\/de\\\/reservation\\\/#primaryimage\"},\"thumbnailUrl\":\"https:\\\/\\\/lagunaparkhotel.demo.deverso.tech\\\/wp-content\\\/uploads\\\/header-servizi-1-768x513.webp\",\"datePublished\":\"2026-01-09T14:24:24+00:00\",\"dateModified\":\"2026-01-15T11:14:48+00:00\",\"breadcrumb\":{\"@id\":\"https:\\\/\\\/lagunaparkhotel.demo.deverso.tech\\\/de\\\/reservation\\\/#breadcrumb\"},\"inLanguage\":\"de\",\"potentialAction\":[{\"@type\":\"ReadAction\",\"target\":[\"https:\\\/\\\/lagunaparkhotel.demo.deverso.tech\\\/de\\\/reservation\\\/\"]}]},{\"@type\":\"ImageObject\",\"inLanguage\":\"de\",\"@id\":\"https:\\\/\\\/lagunaparkhotel.demo.deverso.tech\\\/de\\\/reservation\\\/#primaryimage\",\"url\":\"https:\\\/\\\/lagunaparkhotel.demo.deverso.tech\\\/wp-content\\\/uploads\\\/header-servizi-1-768x513.webp\",\"contentUrl\":\"https:\\\/\\\/lagunaparkhotel.demo.deverso.tech\\\/wp-content\\\/uploads\\\/header-servizi-1-768x513.webp\",\"width\":2400,\"height\":1602,\"caption\":\"ragazzi in psiaggia\"},{\"@type\":\"BreadcrumbList\",\"@id\":\"https:\\\/\\\/lagunaparkhotel.demo.deverso.tech\\\/de\\\/reservation\\\/#breadcrumb\",\"itemListElement\":[{\"@type\":\"ListItem\",\"position\":1,\"name\":\"Home\",\"item\":\"https:\\\/\\\/lagunaparkhotel.demo.deverso.tech\\\/de\\\/\"},{\"@type\":\"ListItem\",\"position\":2,\"name\":\"Reservation\"}]},{\"@type\":\"WebSite\",\"@id\":\"https:\\\/\\\/lagunaparkhotel.demo.deverso.tech\\\/de\\\/#website\",\"url\":\"https:\\\/\\\/lagunaparkhotel.demo.deverso.tech\\\/de\\\/\",\"name\":\"Laguna Park Hotel Bibione\",\"description\":\"\",\"potentialAction\":[{\"@type\":\"SearchAction\",\"target\":{\"@type\":\"EntryPoint\",\"urlTemplate\":\"https:\\\/\\\/lagunaparkhotel.demo.deverso.tech\\\/de\\\/?s={search_term_string}\"},\"query-input\":{\"@type\":\"PropertyValueSpecification\",\"valueRequired\":true,\"valueName\":\"search_term_string\"}}],\"inLanguage\":\"de\"}]}<\/script>\n<!-- \/ Yoast SEO plugin. -->","yoast_head_json":{"title":"Reservation - Laguna Park Hotel Bibione","robots":{"index":"noindex","follow":"follow","max-snippet":"max-snippet:-1","max-image-preview":"max-image-preview:large","max-video-preview":"max-video-preview:-1"},"og_locale":"de_DE","og_type":"article","og_title":"Reservation - Laguna Park Hotel Bibione","og_description":"Contatta Laguna Park Hotel per conoscere tutte le possibilit\u00e0 e le offerte per le tue vacanze a Bibione! Lo staff del nostro hotel sar\u00e0 lieto di risponderti con cortesia e...","og_url":"https:\/\/lagunaparkhotel.demo.deverso.tech\/de\/reservation\/","og_site_name":"Laguna Park Hotel Bibione","article_modified_time":"2026-01-15T11:14:48+00:00","og_image":[{"width":1024,"height":684,"url":"https:\/\/lagunaparkhotel.demo.deverso.tech\/wp-content\/uploads\/header-servizi-1-1024x684.jpg","type":"image\/jpeg"}],"twitter_card":"summary_large_image","twitter_misc":{"Gesch\u00e4tzte Lesezeit":"1\u00a0Minute"},"schema":{"@context":"https:\/\/schema.org","@graph":[{"@type":"WebPage","@id":"https:\/\/lagunaparkhotel.demo.deverso.tech\/de\/reservation\/","url":"https:\/\/lagunaparkhotel.demo.deverso.tech\/de\/reservation\/","name":"Reservation - Laguna Park Hotel Bibione","isPartOf":{"@id":"https:\/\/lagunaparkhotel.demo.deverso.tech\/de\/#website"},"primaryImageOfPage":{"@id":"https:\/\/lagunaparkhotel.demo.deverso.tech\/de\/reservation\/#primaryimage"},"image":{"@id":"https:\/\/lagunaparkhotel.demo.deverso.tech\/de\/reservation\/#primaryimage"},"thumbnailUrl":"https:\/\/lagunaparkhotel.demo.deverso.tech\/wp-content\/uploads\/header-servizi-1-768x513.webp","datePublished":"2026-01-09T14:24:24+00:00","dateModified":"2026-01-15T11:14:48+00:00","breadcrumb":{"@id":"https:\/\/lagunaparkhotel.demo.deverso.tech\/de\/reservation\/#breadcrumb"},"inLanguage":"de","potentialAction":[{"@type":"ReadAction","target":["https:\/\/lagunaparkhotel.demo.deverso.tech\/de\/reservation\/"]}]},{"@type":"ImageObject","inLanguage":"de","@id":"https:\/\/lagunaparkhotel.demo.deverso.tech\/de\/reservation\/#primaryimage","url":"https:\/\/lagunaparkhotel.demo.deverso.tech\/wp-content\/uploads\/header-servizi-1-768x513.webp","contentUrl":"https:\/\/lagunaparkhotel.demo.deverso.tech\/wp-content\/uploads\/header-servizi-1-768x513.webp","width":2400,"height":1602,"caption":"ragazzi in psiaggia"},{"@type":"BreadcrumbList","@id":"https:\/\/lagunaparkhotel.demo.deverso.tech\/de\/reservation\/#breadcrumb","itemListElement":[{"@type":"ListItem","position":1,"name":"Home","item":"https:\/\/lagunaparkhotel.demo.deverso.tech\/de\/"},{"@type":"ListItem","position":2,"name":"Reservation"}]},{"@type":"WebSite","@id":"https:\/\/lagunaparkhotel.demo.deverso.tech\/de\/#website","url":"https:\/\/lagunaparkhotel.demo.deverso.tech\/de\/","name":"Laguna Park Hotel Bibione","description":"","potentialAction":[{"@type":"SearchAction","target":{"@type":"EntryPoint","urlTemplate":"https:\/\/lagunaparkhotel.demo.deverso.tech\/de\/?s={search_term_string}"},"query-input":{"@type":"PropertyValueSpecification","valueRequired":true,"valueName":"search_term_string"}}],"inLanguage":"de"}]}},"_links":{"self":[{"href":"https:\/\/lagunaparkhotel.demo.deverso.tech\/de\/wp-json\/wp\/v2\/pages\/80438","targetHints":{"allow":["GET"]}}],"collection":[{"href":"https:\/\/lagunaparkhotel.demo.deverso.tech\/de\/wp-json\/wp\/v2\/pages"}],"about":[{"href":"https:\/\/lagunaparkhotel.demo.deverso.tech\/de\/wp-json\/wp\/v2\/types\/page"}],"author":[{"embeddable":true,"href":"https:\/\/lagunaparkhotel.demo.deverso.tech\/de\/wp-json\/wp\/v2\/users\/3"}],"replies":[{"embeddable":true,"href":"https:\/\/lagunaparkhotel.demo.deverso.tech\/de\/wp-json\/wp\/v2\/comments?post=80438"}],"version-history":[{"count":1,"href":"https:\/\/lagunaparkhotel.demo.deverso.tech\/de\/wp-json\/wp\/v2\/pages\/80438\/revisions"}],"predecessor-version":[{"id":80439,"href":"https:\/\/lagunaparkhotel.demo.deverso.tech\/de\/wp-json\/wp\/v2\/pages\/80438\/revisions\/80439"}],"wp:featuredmedia":[{"embeddable":true,"href":"https:\/\/lagunaparkhotel.demo.deverso.tech\/de\/wp-json\/wp\/v2\/media\/76927"}],"wp:attachment":[{"href":"https:\/\/lagunaparkhotel.demo.deverso.tech\/de\/wp-json\/wp\/v2\/media?parent=80438"}],"wp:term":[{"taxonomy":"category_page","embeddable":true,"href":"https:\/\/lagunaparkhotel.demo.deverso.tech\/de\/wp-json\/wp\/v2\/category_page?post=80438"}],"curies":[{"name":"wp","href":"https:\/\/api.w.org\/{rel}","templated":true}]}}