{"id":80454,"date":"2025-12-18T17:06:30","date_gmt":"2025-12-18T16:06:30","guid":{"rendered":"https:\/\/lagunaparkhotel.demo.deverso.tech\/condizioni-generali\/"},"modified":"2026-01-15T16:30:40","modified_gmt":"2026-01-15T15:30:40","slug":"condizioni-generali","status":"publish","type":"page","link":"https:\/\/lagunaparkhotel.demo.deverso.tech\/de\/condizioni-generali\/","title":{"rendered":"Allgemeine Bedingungen"},"content":{"rendered":"\n<p><strong>CHECK-IN<\/strong> ab 13.00 Uhr | <strong>CHECK-OUT<\/strong> bis 10.00 Uhr<\/p>\n\n\n\n<h2 class=\"wp-block-heading has-large-font-size\">Stornierungsbedingungen:<\/h2>\n\n\n\n<ul class=\"wp-block-list\">\n<li>Bei Stornierung bis 15 Tage vor Anreise: M\u00f6glichkeit, die Reisedaten ohne Strafgeb\u00fchren zu \u00e4ndern oder die Anzahlung in einen Gutschein umzuwandeln, der f\u00fcr eine Buchung im laufenden oder sp\u00e4testens im folgenden Jahr verwendet werden kann<\/li>\n\n\n\n<li>Ab 14 Tage vor der Ankunft bis zum Nichterscheinen: Die Anzahlung verf\u00e4llt.<\/li>\n\n\n\n<li>F\u00fcr den Tarif \u201eNON REFUNDABLE\u201c wird bei Stornierung, \u00c4nderung oder Nichterscheinen der gesamte Betrag des Aufenthalts berechnet<\/li>\n<\/ul>\n\n\n\n<h2 class=\"wp-block-heading has-large-font-size\">Ankunft, Nichterscheinen:<\/h2>\n\n\n\n<p>Die Ankunft muss am vereinbarten Tag nach 13.00 Uhr erfolgen. Bei der Ankunft sind die Ausweispapiere aller Personen, die das Zimmer bewohnen, zur Registrierung vorzulegen.<br>Bei versp\u00e4teter Ankunft muss der Kunde das Hotel rechtzeitig benachrichtigen, andernfalls wird das Zimmer bis 10.00 Uhr des Folgetages freigehalten, danach kann das Hotel es weitervermieten.<\/p>\n\n\n\n<h2 class=\"wp-block-heading has-large-font-size\">Vorzeitige Abreise:<\/h2>\n\n\n\n<p>Storniert der bereits untergebrachte Kunde den vereinbarten Aufenthalt vorzeitig &#8211; au\u00dfer im Falle nachgewiesener h\u00f6herer Gewalt &#8211; kann der Hotelier vom Kunden die Bezahlung des Zimmers f\u00fcr den gesamten in der Buchung angegebenen Zeitraum verlangen (au\u00dfer im Falle eines Verschuldens des Hoteliers oder seiner Beauftragten), abz\u00fcglich der nicht in Anspruch genommenen Mahlzeiten.<\/p>\n\n\n\n<h2 class=\"wp-block-heading has-large-font-size\">Preisberechnung:<\/h2>\n\n\n\n<p><strong>Erm\u00e4\u00dfigungen<\/strong> (f\u00fcr Personen, die ein Zimmer mit 2 Vollzahlern teilen, einschlie\u00dflich Kinderbett oder Kinderbett): 100% f\u00fcr Kinder von 0 bis 2,99 Jahren | 50% f\u00fcr Kinder von 3 bis 5,99 Jahren | 30% f\u00fcr Kinder von 6 bis 13,99 Jahren | 15% f\u00fcr die dritte Person ab 14 Jahren.<br>(in den Zimmern Classica und Luminosa kann ein zus\u00e4tzliches Kind von 0 bis 2 Jahren kostenlos im Bett der Eltern oder in einem Kinderbett untergebracht werden)<\/p>\n\n\n\n<h2 class=\"wp-block-heading has-large-font-size\">Eingeschlossene Leistungen:<\/h2>\n\n\n\n<ul class=\"wp-block-list\">\n<li>MWST.<\/li>\n\n\n\n<li><strong>Strandservice<\/strong> (ein Sonnenschirm, zwei XL-Liegest\u00fchle &#8211; garantierter Service von Mitte Mai bis Mitte September)<\/li>\n\n\n\n<li>Benutzung von <strong>Schwimmbad<\/strong> und Solarium (von Mai bis September), Spielhalle<\/li>\n\n\n\n<li>Zutritt zum <strong>Wellnessbereich &#8222;Laguna SPA\u201c<\/strong> und zum <strong>Cardio-Fitness-Bereich<\/strong><\/li>\n\n\n\n<li><strong>Shuttle-Service zum Zentrum<\/strong> von Bibione Beach<\/li>\n\n\n\n<li>T\u00e4gliche Reinigung mit Wechsel von Strandt\u00fcchern, Bettw\u00e4sche und Handt\u00fcchern<\/li>\n\n\n\n<li><strong>Animationsservice<\/strong>: Programm f\u00fcr Kinder, Soft-Wellness-Aktivit\u00e4ten f\u00fcr Erwachsene und Abendshows<\/li>\n\n\n\n<li>Fahrradverleih (je nach Verf\u00fcgbarkeit)<\/li>\n\n\n\n<li>Klimaanlage\/Heizung<\/li>\n\n\n\n<li>Stellplatz in der <strong>Garage<\/strong><\/li>\n\n\n\n<li>Wi-Fi<\/li>\n\n\n\n<li>Europa Card: Erm\u00e4\u00dfigungskarte f\u00fcr die Thermen von Bibione, Restaurants, Gesch\u00e4fte und verschiedene Aktivit\u00e4ten<\/li>\n<\/ul>\n\n\n\n<h2 class=\"wp-block-heading has-large-font-size\">Extras:<\/h2>\n\n\n\n<ul class=\"wp-block-list\">\n<li><strong>Getr\u00e4nke<\/strong>: sind nicht inbegriffen<\/li>\n\n\n\n<li><strong>Kurtaxe<\/strong>: Im Preis nicht inbegriffen ist die Kurtaxe von 2,35 \u20ac, die f\u00fcr jede Person pro \u00dcbernachtung ab 4 Jahren bis zu maximal 10 aufeinanderfolgenden N\u00e4chten zu entrichten ist.<\/li>\n\n\n\n<li>Restaurant-Service: Buffet Free Service oder Tischservice nach Ermessen der Direktion.\n<ul class=\"wp-block-list\">\n<li>Extra \u201eFree Service\u201c Fr\u00fchst\u00fcck: \u20ac 20,00<\/li>\n\n\n\n<li>Extra \u201eFree Service\u201c Abendessen (ohne Getr\u00e4nke): \u20ac 40,00<\/li>\n<\/ul>\n<\/li>\n\n\n\n<li>Behandlungen und Massagen im <strong>Laguna SPA<\/strong> (Men\u00fc und Preise auf der Seite \u201eLaguna SPA\u201c)<\/li>\n<\/ul>\n\n\n\n<p><strong>Haustiere<\/strong>: Haustiere sind nicht erlaubt<\/p>\n\n\n\n<p>Im Falle h\u00f6herer Gewalt oder unter besonderen Umst\u00e4nden beh\u00e4lt sich die Direktion der Hotels und Aparthotels der Europa-Tourismus-Gruppe das Recht vor, die Buchung, auch teilweise, in eine unserer \u00e4hnlichen Einrichtungen zu den gleichen Preisbedingungen und mit den gleichen Leistungen zu verlegen.<\/p>\n\n\n\n<p><strong>CIN<\/strong>: IT027034A1BW2GWTW6<\/p>\n","protected":false},"excerpt":{"rendered":"<p>CHECK-IN ab 13.00 Uhr | CHECK-OUT bis 10.00 Uhr Stornierungsbedingungen: Ankunft, Nichterscheinen: Die Ankunft muss am vereinbarten Tag nach 13.00 Uhr erfolgen. Bei der Ankunft sind die Ausweispapiere aller Personen,&#8230;<\/p>\n","protected":false},"author":1,"featured_media":0,"parent":0,"menu_order":19,"comment_status":"closed","ping_status":"closed","template":"templates\/full-text-page.php","meta":{"_acf_changed":false,"footnotes":""},"category_page":[],"class_list":["post-80454","page","type-page","status-publish","hentry"],"acf":[],"yoast_head":"<!-- This site is optimized with the Yoast SEO plugin v27.4 - https:\/\/yoast.com\/product\/yoast-seo-wordpress\/ -->\n<title>Allgemeine Bedingungen - Laguna Park Hotel Bibione<\/title>\n<meta name=\"robots\" content=\"noindex, follow, max-snippet:-1, max-image-preview:large, max-video-preview:-1\" \/>\n<meta property=\"og:locale\" content=\"de_DE\" \/>\n<meta property=\"og:type\" content=\"article\" \/>\n<meta property=\"og:title\" content=\"Allgemeine Bedingungen - Laguna Park Hotel Bibione\" \/>\n<meta property=\"og:description\" content=\"CHECK-IN ab 13.00 Uhr | CHECK-OUT bis 10.00 Uhr Stornierungsbedingungen: Ankunft, Nichterscheinen: Die Ankunft muss am vereinbarten Tag nach 13.00 Uhr erfolgen. Bei der Ankunft sind die Ausweispapiere aller Personen,...\" \/>\n<meta property=\"og:url\" content=\"https:\/\/lagunaparkhotel.demo.deverso.tech\/de\/condizioni-generali\/\" \/>\n<meta property=\"og:site_name\" content=\"Laguna Park Hotel Bibione\" \/>\n<meta property=\"article:modified_time\" content=\"2026-01-15T15:30:40+00:00\" \/>\n<meta name=\"twitter:card\" content=\"summary_large_image\" \/>\n<meta name=\"twitter:label1\" content=\"Gesch\u00e4tzte Lesezeit\" \/>\n\t<meta name=\"twitter:data1\" content=\"3\u00a0Minuten\" \/>\n<script type=\"application\/ld+json\" class=\"yoast-schema-graph\">{\"@context\":\"https:\\\/\\\/schema.org\",\"@graph\":[{\"@type\":\"WebPage\",\"@id\":\"https:\\\/\\\/lagunaparkhotel.demo.deverso.tech\\\/de\\\/condizioni-generali\\\/\",\"url\":\"https:\\\/\\\/lagunaparkhotel.demo.deverso.tech\\\/de\\\/condizioni-generali\\\/\",\"name\":\"Allgemeine Bedingungen - Laguna Park Hotel Bibione\",\"isPartOf\":{\"@id\":\"https:\\\/\\\/lagunaparkhotel.demo.deverso.tech\\\/de\\\/#website\"},\"datePublished\":\"2025-12-18T16:06:30+00:00\",\"dateModified\":\"2026-01-15T15:30:40+00:00\",\"breadcrumb\":{\"@id\":\"https:\\\/\\\/lagunaparkhotel.demo.deverso.tech\\\/de\\\/condizioni-generali\\\/#breadcrumb\"},\"inLanguage\":\"de\",\"potentialAction\":[{\"@type\":\"ReadAction\",\"target\":[\"https:\\\/\\\/lagunaparkhotel.demo.deverso.tech\\\/de\\\/condizioni-generali\\\/\"]}]},{\"@type\":\"BreadcrumbList\",\"@id\":\"https:\\\/\\\/lagunaparkhotel.demo.deverso.tech\\\/de\\\/condizioni-generali\\\/#breadcrumb\",\"itemListElement\":[{\"@type\":\"ListItem\",\"position\":1,\"name\":\"Home\",\"item\":\"https:\\\/\\\/lagunaparkhotel.demo.deverso.tech\\\/de\\\/\"},{\"@type\":\"ListItem\",\"position\":2,\"name\":\"Allgemeine Bedingungen\"}]},{\"@type\":\"WebSite\",\"@id\":\"https:\\\/\\\/lagunaparkhotel.demo.deverso.tech\\\/de\\\/#website\",\"url\":\"https:\\\/\\\/lagunaparkhotel.demo.deverso.tech\\\/de\\\/\",\"name\":\"Laguna Park Hotel Bibione\",\"description\":\"\",\"potentialAction\":[{\"@type\":\"SearchAction\",\"target\":{\"@type\":\"EntryPoint\",\"urlTemplate\":\"https:\\\/\\\/lagunaparkhotel.demo.deverso.tech\\\/de\\\/?s={search_term_string}\"},\"query-input\":{\"@type\":\"PropertyValueSpecification\",\"valueRequired\":true,\"valueName\":\"search_term_string\"}}],\"inLanguage\":\"de\"}]}<\/script>\n<!-- \/ Yoast SEO plugin. -->","yoast_head_json":{"title":"Allgemeine Bedingungen - Laguna Park Hotel Bibione","robots":{"index":"noindex","follow":"follow","max-snippet":"max-snippet:-1","max-image-preview":"max-image-preview:large","max-video-preview":"max-video-preview:-1"},"og_locale":"de_DE","og_type":"article","og_title":"Allgemeine Bedingungen - Laguna Park Hotel Bibione","og_description":"CHECK-IN ab 13.00 Uhr | CHECK-OUT bis 10.00 Uhr Stornierungsbedingungen: Ankunft, Nichterscheinen: Die Ankunft muss am vereinbarten Tag nach 13.00 Uhr erfolgen. Bei der Ankunft sind die Ausweispapiere aller Personen,...","og_url":"https:\/\/lagunaparkhotel.demo.deverso.tech\/de\/condizioni-generali\/","og_site_name":"Laguna Park Hotel Bibione","article_modified_time":"2026-01-15T15:30:40+00:00","twitter_card":"summary_large_image","twitter_misc":{"Gesch\u00e4tzte Lesezeit":"3\u00a0Minuten"},"schema":{"@context":"https:\/\/schema.org","@graph":[{"@type":"WebPage","@id":"https:\/\/lagunaparkhotel.demo.deverso.tech\/de\/condizioni-generali\/","url":"https:\/\/lagunaparkhotel.demo.deverso.tech\/de\/condizioni-generali\/","name":"Allgemeine Bedingungen - Laguna Park Hotel Bibione","isPartOf":{"@id":"https:\/\/lagunaparkhotel.demo.deverso.tech\/de\/#website"},"datePublished":"2025-12-18T16:06:30+00:00","dateModified":"2026-01-15T15:30:40+00:00","breadcrumb":{"@id":"https:\/\/lagunaparkhotel.demo.deverso.tech\/de\/condizioni-generali\/#breadcrumb"},"inLanguage":"de","potentialAction":[{"@type":"ReadAction","target":["https:\/\/lagunaparkhotel.demo.deverso.tech\/de\/condizioni-generali\/"]}]},{"@type":"BreadcrumbList","@id":"https:\/\/lagunaparkhotel.demo.deverso.tech\/de\/condizioni-generali\/#breadcrumb","itemListElement":[{"@type":"ListItem","position":1,"name":"Home","item":"https:\/\/lagunaparkhotel.demo.deverso.tech\/de\/"},{"@type":"ListItem","position":2,"name":"Allgemeine Bedingungen"}]},{"@type":"WebSite","@id":"https:\/\/lagunaparkhotel.demo.deverso.tech\/de\/#website","url":"https:\/\/lagunaparkhotel.demo.deverso.tech\/de\/","name":"Laguna Park Hotel Bibione","description":"","potentialAction":[{"@type":"SearchAction","target":{"@type":"EntryPoint","urlTemplate":"https:\/\/lagunaparkhotel.demo.deverso.tech\/de\/?s={search_term_string}"},"query-input":{"@type":"PropertyValueSpecification","valueRequired":true,"valueName":"search_term_string"}}],"inLanguage":"de"}]}},"_links":{"self":[{"href":"https:\/\/lagunaparkhotel.demo.deverso.tech\/de\/wp-json\/wp\/v2\/pages\/80454","targetHints":{"allow":["GET"]}}],"collection":[{"href":"https:\/\/lagunaparkhotel.demo.deverso.tech\/de\/wp-json\/wp\/v2\/pages"}],"about":[{"href":"https:\/\/lagunaparkhotel.demo.deverso.tech\/de\/wp-json\/wp\/v2\/types\/page"}],"author":[{"embeddable":true,"href":"https:\/\/lagunaparkhotel.demo.deverso.tech\/de\/wp-json\/wp\/v2\/users\/1"}],"replies":[{"embeddable":true,"href":"https:\/\/lagunaparkhotel.demo.deverso.tech\/de\/wp-json\/wp\/v2\/comments?post=80454"}],"version-history":[{"count":4,"href":"https:\/\/lagunaparkhotel.demo.deverso.tech\/de\/wp-json\/wp\/v2\/pages\/80454\/revisions"}],"predecessor-version":[{"id":80481,"href":"https:\/\/lagunaparkhotel.demo.deverso.tech\/de\/wp-json\/wp\/v2\/pages\/80454\/revisions\/80481"}],"wp:attachment":[{"href":"https:\/\/lagunaparkhotel.demo.deverso.tech\/de\/wp-json\/wp\/v2\/media?parent=80454"}],"wp:term":[{"taxonomy":"category_page","embeddable":true,"href":"https:\/\/lagunaparkhotel.demo.deverso.tech\/de\/wp-json\/wp\/v2\/category_page?post=80454"}],"curies":[{"name":"wp","href":"https:\/\/api.w.org\/{rel}","templated":true}]}}