{"id":82385,"date":"2025-10-09T09:36:44","date_gmt":"2025-10-09T07:36:44","guid":{"rendered":"https:\/\/lagunaparkhotel.demo.deverso.tech\/dove-siamo\/"},"modified":"2026-03-12T14:06:03","modified_gmt":"2026-03-12T13:06:03","slug":"dove-siamo","status":"publish","type":"page","link":"https:\/\/lagunaparkhotel.demo.deverso.tech\/en\/dove-siamo\/","title":{"rendered":"Dove Siamo"},"content":{"rendered":"\n<p>Il Laguna Park Hotel \u00e8 un hotel a Bibione Pineda vicino alle terme, fronte mare, in una zona tranquilla della localit\u00e0 balneare. Il territorio che ospita la struttura \u00e8 molto particolare, racchiuso tra il mare e la grande laguna di Bibione.<br><br>La natura \u00e8 protagonista: da una parte la lunga spiaggia di sabbia e il mare cristallino, dall\u2019altra l\u2019area protetta e incontaminata della laguna veneta che accoglie numerose specie floro-faunistiche di interesse naturalistico.<br><br>Oltre alla possibilit\u00e0 di effettuare escursioni nel territorio circostante, il nostro hotel a 4 stelle di Bibione con vista fronte mare si trova anche vicino alle Terme: sar\u00e0 possibile, quindi, alternare le giornate trascorse in spiagge con momenti di puro relax e benessere nel centro di Bibione Thermae.<br><br>Guarda la mappa per visualizzare la nostra esatta posizione e raggiungici per trascorrere una vacanza speciale!<\/p>\n\n\n\n<p class=\"has-text-align-center has-text-color has-link-color wp-elements-9c00294c536641afb1a4ae9e649ef38d\" style=\"color:#896a43\"><strong>Via Passeggiata al Mare, 20 &#8211; 30028 Bibione (VE)<\/strong><\/p>\n\n\n\n<p><\/p>\n","protected":false},"excerpt":{"rendered":"<p>Il Laguna Park Hotel \u00e8 un hotel a Bibione Pineda vicino alle terme, fronte mare, in una zona tranquilla della localit\u00e0 balneare. Il territorio che ospita la struttura \u00e8 molto&#8230;<\/p>\n","protected":false},"author":1,"featured_media":0,"parent":0,"menu_order":78,"comment_status":"closed","ping_status":"closed","template":"templates\/where-we-are-page.php","meta":{"_acf_changed":false,"footnotes":""},"category_page":[],"class_list":["post-82385","page","type-page","status-publish","hentry"],"acf":[],"yoast_head":"<!-- This site is optimized with the Yoast SEO plugin v27.4 - https:\/\/yoast.com\/product\/yoast-seo-wordpress\/ -->\n<title>Dove Siamo - Laguna Park Hotel Bibione<\/title>\n<meta name=\"robots\" content=\"noindex, follow, max-snippet:-1, max-image-preview:large, max-video-preview:-1\" \/>\n<meta property=\"og:locale\" content=\"en_US\" \/>\n<meta property=\"og:type\" content=\"article\" \/>\n<meta property=\"og:title\" content=\"Dove Siamo - Laguna Park Hotel Bibione\" \/>\n<meta property=\"og:description\" content=\"Il Laguna Park Hotel \u00e8 un hotel a Bibione Pineda vicino alle terme, fronte mare, in una zona tranquilla della localit\u00e0 balneare. Il territorio che ospita la struttura \u00e8 molto...\" \/>\n<meta property=\"og:url\" content=\"https:\/\/lagunaparkhotel.demo.deverso.tech\/en\/dove-siamo\/\" \/>\n<meta property=\"og:site_name\" content=\"Laguna Park Hotel Bibione\" \/>\n<meta property=\"article:modified_time\" content=\"2026-03-12T13:06:03+00:00\" \/>\n<meta name=\"twitter:card\" content=\"summary_large_image\" \/>\n<meta name=\"twitter:label1\" content=\"Est. reading time\" \/>\n\t<meta name=\"twitter:data1\" content=\"1 minute\" \/>\n<script type=\"application\/ld+json\" class=\"yoast-schema-graph\">{\"@context\":\"https:\\\/\\\/schema.org\",\"@graph\":[{\"@type\":\"WebPage\",\"@id\":\"https:\\\/\\\/lagunaparkhotel.demo.deverso.tech\\\/en\\\/dove-siamo\\\/\",\"url\":\"https:\\\/\\\/lagunaparkhotel.demo.deverso.tech\\\/en\\\/dove-siamo\\\/\",\"name\":\"Dove Siamo - Laguna Park Hotel Bibione\",\"isPartOf\":{\"@id\":\"https:\\\/\\\/lagunaparkhotel.demo.deverso.tech\\\/en\\\/#website\"},\"datePublished\":\"2025-10-09T07:36:44+00:00\",\"dateModified\":\"2026-03-12T13:06:03+00:00\",\"breadcrumb\":{\"@id\":\"https:\\\/\\\/lagunaparkhotel.demo.deverso.tech\\\/en\\\/dove-siamo\\\/#breadcrumb\"},\"inLanguage\":\"en-US\",\"potentialAction\":[{\"@type\":\"ReadAction\",\"target\":[\"https:\\\/\\\/lagunaparkhotel.demo.deverso.tech\\\/en\\\/dove-siamo\\\/\"]}]},{\"@type\":\"BreadcrumbList\",\"@id\":\"https:\\\/\\\/lagunaparkhotel.demo.deverso.tech\\\/en\\\/dove-siamo\\\/#breadcrumb\",\"itemListElement\":[{\"@type\":\"ListItem\",\"position\":1,\"name\":\"Home\",\"item\":\"https:\\\/\\\/lagunaparkhotel.demo.deverso.tech\\\/en\\\/\"},{\"@type\":\"ListItem\",\"position\":2,\"name\":\"Dove Siamo\"}]},{\"@type\":\"WebSite\",\"@id\":\"https:\\\/\\\/lagunaparkhotel.demo.deverso.tech\\\/en\\\/#website\",\"url\":\"https:\\\/\\\/lagunaparkhotel.demo.deverso.tech\\\/en\\\/\",\"name\":\"Laguna Park Hotel Bibione\",\"description\":\"\",\"potentialAction\":[{\"@type\":\"SearchAction\",\"target\":{\"@type\":\"EntryPoint\",\"urlTemplate\":\"https:\\\/\\\/lagunaparkhotel.demo.deverso.tech\\\/en\\\/?s={search_term_string}\"},\"query-input\":{\"@type\":\"PropertyValueSpecification\",\"valueRequired\":true,\"valueName\":\"search_term_string\"}}],\"inLanguage\":\"en-US\"}]}<\/script>\n<!-- \/ Yoast SEO plugin. -->","yoast_head_json":{"title":"Dove Siamo - Laguna Park Hotel Bibione","robots":{"index":"noindex","follow":"follow","max-snippet":"max-snippet:-1","max-image-preview":"max-image-preview:large","max-video-preview":"max-video-preview:-1"},"og_locale":"en_US","og_type":"article","og_title":"Dove Siamo - Laguna Park Hotel Bibione","og_description":"Il Laguna Park Hotel \u00e8 un hotel a Bibione Pineda vicino alle terme, fronte mare, in una zona tranquilla della localit\u00e0 balneare. Il territorio che ospita la struttura \u00e8 molto...","og_url":"https:\/\/lagunaparkhotel.demo.deverso.tech\/en\/dove-siamo\/","og_site_name":"Laguna Park Hotel Bibione","article_modified_time":"2026-03-12T13:06:03+00:00","twitter_card":"summary_large_image","twitter_misc":{"Est. reading time":"1 minute"},"schema":{"@context":"https:\/\/schema.org","@graph":[{"@type":"WebPage","@id":"https:\/\/lagunaparkhotel.demo.deverso.tech\/en\/dove-siamo\/","url":"https:\/\/lagunaparkhotel.demo.deverso.tech\/en\/dove-siamo\/","name":"Dove Siamo - Laguna Park Hotel Bibione","isPartOf":{"@id":"https:\/\/lagunaparkhotel.demo.deverso.tech\/en\/#website"},"datePublished":"2025-10-09T07:36:44+00:00","dateModified":"2026-03-12T13:06:03+00:00","breadcrumb":{"@id":"https:\/\/lagunaparkhotel.demo.deverso.tech\/en\/dove-siamo\/#breadcrumb"},"inLanguage":"en-US","potentialAction":[{"@type":"ReadAction","target":["https:\/\/lagunaparkhotel.demo.deverso.tech\/en\/dove-siamo\/"]}]},{"@type":"BreadcrumbList","@id":"https:\/\/lagunaparkhotel.demo.deverso.tech\/en\/dove-siamo\/#breadcrumb","itemListElement":[{"@type":"ListItem","position":1,"name":"Home","item":"https:\/\/lagunaparkhotel.demo.deverso.tech\/en\/"},{"@type":"ListItem","position":2,"name":"Dove Siamo"}]},{"@type":"WebSite","@id":"https:\/\/lagunaparkhotel.demo.deverso.tech\/en\/#website","url":"https:\/\/lagunaparkhotel.demo.deverso.tech\/en\/","name":"Laguna Park Hotel Bibione","description":"","potentialAction":[{"@type":"SearchAction","target":{"@type":"EntryPoint","urlTemplate":"https:\/\/lagunaparkhotel.demo.deverso.tech\/en\/?s={search_term_string}"},"query-input":{"@type":"PropertyValueSpecification","valueRequired":true,"valueName":"search_term_string"}}],"inLanguage":"en-US"}]}},"_links":{"self":[{"href":"https:\/\/lagunaparkhotel.demo.deverso.tech\/en\/wp-json\/wp\/v2\/pages\/82385","targetHints":{"allow":["GET"]}}],"collection":[{"href":"https:\/\/lagunaparkhotel.demo.deverso.tech\/en\/wp-json\/wp\/v2\/pages"}],"about":[{"href":"https:\/\/lagunaparkhotel.demo.deverso.tech\/en\/wp-json\/wp\/v2\/types\/page"}],"author":[{"embeddable":true,"href":"https:\/\/lagunaparkhotel.demo.deverso.tech\/en\/wp-json\/wp\/v2\/users\/1"}],"replies":[{"embeddable":true,"href":"https:\/\/lagunaparkhotel.demo.deverso.tech\/en\/wp-json\/wp\/v2\/comments?post=82385"}],"version-history":[{"count":2,"href":"https:\/\/lagunaparkhotel.demo.deverso.tech\/en\/wp-json\/wp\/v2\/pages\/82385\/revisions"}],"predecessor-version":[{"id":83862,"href":"https:\/\/lagunaparkhotel.demo.deverso.tech\/en\/wp-json\/wp\/v2\/pages\/82385\/revisions\/83862"}],"wp:attachment":[{"href":"https:\/\/lagunaparkhotel.demo.deverso.tech\/en\/wp-json\/wp\/v2\/media?parent=82385"}],"wp:term":[{"taxonomy":"category_page","embeddable":true,"href":"https:\/\/lagunaparkhotel.demo.deverso.tech\/en\/wp-json\/wp\/v2\/category_page?post=82385"}],"curies":[{"name":"wp","href":"https:\/\/api.w.org\/{rel}","templated":true}]}}