{"id":80455,"date":"2025-12-18T17:06:30","date_gmt":"2025-12-18T16:06:30","guid":{"rendered":"https:\/\/lagunaparkhotel.demo.deverso.tech\/condizioni-generali\/"},"modified":"2026-01-15T16:37:28","modified_gmt":"2026-01-15T15:37:28","slug":"condizioni-generali","status":"publish","type":"page","link":"https:\/\/lagunaparkhotel.demo.deverso.tech\/hu\/condizioni-generali\/","title":{"rendered":"\u00c1ltal\u00e1nos felt\u00e9telek"},"content":{"rendered":"\n<p><strong>CHECK-IN<\/strong> 13:00-t\u00f3l | <strong>CHECK-OUT<\/strong> 10:00-ig<\/p>\n\n\n\n<h2 class=\"wp-block-heading has-large-font-size\">Lemond\u00e1si politika:<\/h2>\n\n\n\n<ul class=\"wp-block-list\">\n<li>15 nappal az \u00e9rkez\u00e9s el\u0151tt t\u00f6rt\u00e9n\u0151 lemond\u00e1s eset\u00e9n: lehet\u0151s\u00e9g a tart\u00f3zkod\u00e1s id\u0151pontj\u00e1nak m\u00f3dos\u00edt\u00e1s\u00e1ra b\u00fcntet\u00e9s n\u00e9lk\u00fcl, vagy az el\u0151leg \u00e1talak\u00edt\u00e1sa utalv\u00e1nny\u00e1, amely a t\u00e1rgy\u00e9vben vagy legk\u00e9s\u0151bb a k\u00f6vetkez\u0151 \u00e9vben felhaszn\u00e1lhat\u00f3 foglal\u00e1sra<\/li>\n\n\n\n<li>14 nappal az \u00e9rkez\u00e9s el\u0151tt \u00e9s no-show eset\u00e9n: a foglal\u00f3 elveszik<\/li>\n\n\n\n<li>A \u201eNEM VISSZAT\u00c9R\u00cdTEND\u0150\u201d tarifa eset\u00e9n a lemond\u00e1s, m\u00f3dos\u00edt\u00e1s vagy no-show eset\u00e9n a teljes sz\u00e1ll\u00e1sd\u00edjat felsz\u00e1m\u00edtjuk<\/li>\n<\/ul>\n\n\n\n<h2 class=\"wp-block-heading has-large-font-size\">\u00c9rkez\u00e9s, nem \u00e9rkez\u00e9s:<\/h2>\n\n\n\n<p>Az \u00e9rkez\u00e9snek a megadott napon 13:00 ut\u00e1n kell t\u00f6rt\u00e9nnie. Az \u00e9rkez\u00e9skor minden, a szob\u00e1t elfoglal\u00f3 szem\u00e9ly azonos\u00edt\u00f3 okm\u00e1nyait be kell mutatni a regisztr\u00e1ci\u00f3hoz.<br>K\u00e9s\u00e9s eset\u00e9n a vend\u00e9gnek halad\u00e9ktalanul \u00e9rtes\u00edtenie kell a sz\u00e1llod\u00e1t; ellenkez\u0151 esetben a szob\u00e1t a k\u00f6vetkez\u0151 nap 10:00-ig tartj\u00e1k fenn, ut\u00e1na a sz\u00e1lloda jogosult azt harmadik f\u00e9lnek kiadni.<\/p>\n\n\n\n<h2 class=\"wp-block-heading has-large-font-size\">Korai t\u00e1voz\u00e1s:<\/h2>\n\n\n\n<p>Ha a vend\u00e9g, aki m\u00e1r megsz\u00e1llt, el\u0151re t\u00e1vozik a meg\u00e1llapodott id\u0151tartamb\u00f3l \u2013 kiv\u00e9ve a dokument\u00e1lt vis maior eset\u00e9t \u2013 a sz\u00e1lloda k\u00e9rheti a vend\u00e9gt\u0151l a szobad\u00edj kifizet\u00e9s\u00e9t a foglal\u00e1sban megadott teljes id\u0151tartamra (kiv\u00e9ve, ha a hiba a sz\u00e1llod\u00e1t\u00f3l vagy annak alkalmazottait\u00f3l sz\u00e1rmazik), a fel nem haszn\u00e1lt \u00e9tkez\u00e9sek levon\u00e1s\u00e1val.<\/p>\n\n\n\n<h2 class=\"wp-block-heading has-large-font-size\">\u00c1rak kisz\u00e1m\u00edt\u00e1sa:<\/h2>\n\n\n\n<p>Kedvezm\u00e9nyek (k\u00e9t teljes \u00e1rat fizet\u0151 szem\u00e9ly szob\u00e1j\u00e1ban elsz\u00e1ll\u00e1solt szem\u00e9lyekre, bele\u00e9rtve a kis\u00e1gyas vagy baba\u00e1gyas gyermekeket):<br>100% kedvezm\u00e9ny 0\u20132,99 \u00e9ves gyermekeknek | 50% kedvezm\u00e9ny 3\u20135,99 \u00e9ves gyermekeknek | 30% kedvezm\u00e9ny 6\u201313,99 \u00e9ves gyermekeknek | 15% kedvezm\u00e9ny harmadik szem\u00e9ly r\u00e9sz\u00e9re 14 \u00e9ves kort\u00f3l<br>(A \u201eClassica\u201d \u00e9s \u201eLuminosa\u201d szob\u00e1kban egy tov\u00e1bbi 0\u20132 \u00e9ves gyermek ingyenesen elsz\u00e1ll\u00e1solhat\u00f3 a sz\u00fcl\u0151k \u00e1gy\u00e1ban vagy kis\u00e1gyban)<\/p>\n\n\n\n<h2 class=\"wp-block-heading has-large-font-size\">Az \u00e1r tartalmazza:<\/h2>\n\n\n\n<ul class=\"wp-block-list\">\n<li>\u00c1FA<\/li>\n\n\n\n<li>Strandhaszn\u00e1lat (1 naperny\u0151, 2 XL napoz\u00f3\u00e1gy \u2013 a szolg\u00e1ltat\u00e1s m\u00e1jus k\u00f6zep\u00e9t\u0151l szeptember k\u00f6zep\u00e9ig garant\u00e1lt)<\/li>\n\n\n\n<li>Medence \u00e9s napoz\u00f3terasz haszn\u00e1lata (m\u00e1just\u00f3l szeptemberig), belt\u00e9ri j\u00e1tsz\u00f3szoba<\/li>\n\n\n\n<li>Bel\u00e9p\u00e9s a \u201eLaguna SPA\u201d wellnessr\u00e9szlegbe \u00e9s a kardi\u00f3 fitneszterembe<\/li>\n\n\n\n<li>Ingyenes transzfer Bibione Spiaggia k\u00f6zpontj\u00e1ba<\/li>\n\n\n\n<li>Napi takar\u00edt\u00e1s strandt\u00f6r\u00f6lk\u00f6z\u0151-, \u00e1gynem\u0171- \u00e9s t\u00f6r\u00f6lk\u00f6z\u0151cser\u00e9vel<\/li>\n\n\n\n<li>Anim\u00e1ci\u00f3s szolg\u00e1ltat\u00e1s: gyermekprogramok, feln\u0151tteknek sz\u00f3l\u00f3 wellness aktivit\u00e1sok \u00e9s esti show-m\u0171sorok<\/li>\n\n\n\n<li>Ker\u00e9kp\u00e1rb\u00e9rl\u00e9s (a k\u00e9szlet erej\u00e9ig)<\/li>\n\n\n\n<li>L\u00e9gkondicion\u00e1l\u00e1s \/ f\u0171t\u00e9s<\/li>\n\n\n\n<li>Gar\u00e1zsban parkol\u00f3hely<\/li>\n\n\n\n<li>Wi-Fi<\/li>\n\n\n\n<li>Europa Card: kedvezm\u00e9nyk\u00e1rtya a Bibione Thermae-be, \u00e9ttermekbe, \u00fczletekbe \u00e9s egy\u00e9b programokra Bibione, Lignano \u00e9s k\u00f6rny\u00e9k\u00e9n<\/li>\n<\/ul>\n\n\n\n<h2 class=\"wp-block-heading has-large-font-size\">Fel\u00e1ras szolg\u00e1ltat\u00e1sok:<\/h2>\n\n\n\n<ul class=\"wp-block-list\">\n<li>Italok: nem tartalmazza az \u00e1r<\/li>\n\n\n\n<li>Idegenforgalmi ad\u00f3: az \u00e1r nem tartalmazza a 2,35 \u20ac \u00f6sszeg\u0171 idegenforgalmi ad\u00f3t szem\u00e9lyenk\u00e9nt \u00e9s \u00e9jszak\u00e1nk\u00e9nt, 4 \u00e9ves kort\u00f3l, legfeljebb 10 egym\u00e1st k\u00f6vet\u0151 \u00e9jszak\u00e1ig<\/li>\n\n\n\n<li>\u00c9ttermi szolg\u00e1ltat\u00e1s: Buffet Free Service vagy felszolg\u00e1l\u00e1s a vezet\u0151s\u00e9g d\u00f6nt\u00e9se szerint\n<ul class=\"wp-block-list\">\n<li>Extra reggeli \u201eFree Service\u201d: 20,00 \u20ac<\/li>\n\n\n\n<li>Extra vacsora \u201eFree Service\u201d (italok n\u00e9lk\u00fcl): 40,00 \u20ac<\/li>\n<\/ul>\n<\/li>\n\n\n\n<li>Kezel\u00e9sek \u00e9s massz\u00e1zsok a Laguna SPA-ban (men\u00fc \u00e9s \u00e1rak a \u201eLaguna SPA\u201d oldalon)<\/li>\n<\/ul>\n\n\n\n<p><strong>H\u00e1zi\u00e1llatok<\/strong>: H\u00e1zi\u00e1llatok nem enged\u00e9lyezettek<\/p>\n\n\n\n<p><em>Vis maior vagy k\u00fcl\u00f6nleges k\u00f6r\u00fclm\u00e9nyek eset\u00e9n az Europa Tourist Group sz\u00e1llod\u00e1inak \u00e9s apartmanhoteljeinek vezet\u0151s\u00e9ge fenntartja a jogot, hogy a foglal\u00e1st \u2013 ak\u00e1r r\u00e9szben is \u2013 egy azonos \u00e1r\u00fa \u00e9s szolg\u00e1ltat\u00e1s\u00fa hasonl\u00f3 sz\u00e1ll\u00e1shelyre \u00e1thelyezze.<\/em><\/p>\n\n\n\n<p>EGYEDI AZONOS\u00cdT\u00d3 K\u00d3D: 027034-ALB-00002<br><strong>CIN<\/strong>: IT027034A1BW2GWTW6<\/p>\n","protected":false},"excerpt":{"rendered":"<p>CHECK-IN 13:00-t\u00f3l | CHECK-OUT 10:00-ig Lemond\u00e1si politika: \u00c9rkez\u00e9s, nem \u00e9rkez\u00e9s: Az \u00e9rkez\u00e9snek a megadott napon 13:00 ut\u00e1n kell t\u00f6rt\u00e9nnie. Az \u00e9rkez\u00e9skor minden, a szob\u00e1t elfoglal\u00f3 szem\u00e9ly azonos\u00edt\u00f3 okm\u00e1nyait be kell&#8230;<\/p>\n","protected":false},"author":1,"featured_media":0,"parent":0,"menu_order":20,"comment_status":"closed","ping_status":"closed","template":"templates\/full-text-page.php","meta":{"_acf_changed":false,"footnotes":""},"category_page":[],"class_list":["post-80455","page","type-page","status-publish","hentry"],"acf":[],"yoast_head":"<!-- This site is optimized with the Yoast SEO plugin v27.4 - https:\/\/yoast.com\/product\/yoast-seo-wordpress\/ -->\n<title>\u00c1ltal\u00e1nos felt\u00e9telek - Laguna Park Hotel Bibione<\/title>\n<meta name=\"robots\" content=\"noindex, follow, max-snippet:-1, max-image-preview:large, max-video-preview:-1\" \/>\n<meta property=\"og:locale\" content=\"hu_HU\" \/>\n<meta property=\"og:type\" content=\"article\" \/>\n<meta property=\"og:title\" content=\"\u00c1ltal\u00e1nos felt\u00e9telek - Laguna Park Hotel Bibione\" \/>\n<meta property=\"og:description\" content=\"CHECK-IN 13:00-t\u00f3l | CHECK-OUT 10:00-ig Lemond\u00e1si politika: \u00c9rkez\u00e9s, nem \u00e9rkez\u00e9s: Az \u00e9rkez\u00e9snek a megadott napon 13:00 ut\u00e1n kell t\u00f6rt\u00e9nnie. Az \u00e9rkez\u00e9skor minden, a szob\u00e1t elfoglal\u00f3 szem\u00e9ly azonos\u00edt\u00f3 okm\u00e1nyait be kell...\" \/>\n<meta property=\"og:url\" content=\"https:\/\/lagunaparkhotel.demo.deverso.tech\/hu\/condizioni-generali\/\" \/>\n<meta property=\"og:site_name\" content=\"Laguna Park Hotel Bibione\" \/>\n<meta property=\"article:modified_time\" content=\"2026-01-15T15:37:28+00:00\" \/>\n<meta name=\"twitter:card\" content=\"summary_large_image\" \/>\n<meta name=\"twitter:label1\" content=\"Becs\u00fclt olvas\u00e1si id\u0151\" \/>\n\t<meta name=\"twitter:data1\" content=\"3 perc\" \/>\n<script type=\"application\/ld+json\" class=\"yoast-schema-graph\">{\"@context\":\"https:\\\/\\\/schema.org\",\"@graph\":[{\"@type\":\"WebPage\",\"@id\":\"https:\\\/\\\/lagunaparkhotel.demo.deverso.tech\\\/hu\\\/condizioni-generali\\\/\",\"url\":\"https:\\\/\\\/lagunaparkhotel.demo.deverso.tech\\\/hu\\\/condizioni-generali\\\/\",\"name\":\"\u00c1ltal\u00e1nos felt\u00e9telek - Laguna Park Hotel Bibione\",\"isPartOf\":{\"@id\":\"https:\\\/\\\/lagunaparkhotel.demo.deverso.tech\\\/hu\\\/#website\"},\"datePublished\":\"2025-12-18T16:06:30+00:00\",\"dateModified\":\"2026-01-15T15:37:28+00:00\",\"breadcrumb\":{\"@id\":\"https:\\\/\\\/lagunaparkhotel.demo.deverso.tech\\\/hu\\\/condizioni-generali\\\/#breadcrumb\"},\"inLanguage\":\"hu\",\"potentialAction\":[{\"@type\":\"ReadAction\",\"target\":[\"https:\\\/\\\/lagunaparkhotel.demo.deverso.tech\\\/hu\\\/condizioni-generali\\\/\"]}]},{\"@type\":\"BreadcrumbList\",\"@id\":\"https:\\\/\\\/lagunaparkhotel.demo.deverso.tech\\\/hu\\\/condizioni-generali\\\/#breadcrumb\",\"itemListElement\":[{\"@type\":\"ListItem\",\"position\":1,\"name\":\"Home\",\"item\":\"https:\\\/\\\/lagunaparkhotel.demo.deverso.tech\\\/hu\\\/\"},{\"@type\":\"ListItem\",\"position\":2,\"name\":\"\u00c1ltal\u00e1nos felt\u00e9telek\"}]},{\"@type\":\"WebSite\",\"@id\":\"https:\\\/\\\/lagunaparkhotel.demo.deverso.tech\\\/hu\\\/#website\",\"url\":\"https:\\\/\\\/lagunaparkhotel.demo.deverso.tech\\\/hu\\\/\",\"name\":\"Laguna Park Hotel Bibione\",\"description\":\"\",\"potentialAction\":[{\"@type\":\"SearchAction\",\"target\":{\"@type\":\"EntryPoint\",\"urlTemplate\":\"https:\\\/\\\/lagunaparkhotel.demo.deverso.tech\\\/hu\\\/?s={search_term_string}\"},\"query-input\":{\"@type\":\"PropertyValueSpecification\",\"valueRequired\":true,\"valueName\":\"search_term_string\"}}],\"inLanguage\":\"hu\"}]}<\/script>\n<!-- \/ Yoast SEO plugin. -->","yoast_head_json":{"title":"\u00c1ltal\u00e1nos felt\u00e9telek - Laguna Park Hotel Bibione","robots":{"index":"noindex","follow":"follow","max-snippet":"max-snippet:-1","max-image-preview":"max-image-preview:large","max-video-preview":"max-video-preview:-1"},"og_locale":"hu_HU","og_type":"article","og_title":"\u00c1ltal\u00e1nos felt\u00e9telek - Laguna Park Hotel Bibione","og_description":"CHECK-IN 13:00-t\u00f3l | CHECK-OUT 10:00-ig Lemond\u00e1si politika: \u00c9rkez\u00e9s, nem \u00e9rkez\u00e9s: Az \u00e9rkez\u00e9snek a megadott napon 13:00 ut\u00e1n kell t\u00f6rt\u00e9nnie. Az \u00e9rkez\u00e9skor minden, a szob\u00e1t elfoglal\u00f3 szem\u00e9ly azonos\u00edt\u00f3 okm\u00e1nyait be kell...","og_url":"https:\/\/lagunaparkhotel.demo.deverso.tech\/hu\/condizioni-generali\/","og_site_name":"Laguna Park Hotel Bibione","article_modified_time":"2026-01-15T15:37:28+00:00","twitter_card":"summary_large_image","twitter_misc":{"Becs\u00fclt olvas\u00e1si id\u0151":"3 perc"},"schema":{"@context":"https:\/\/schema.org","@graph":[{"@type":"WebPage","@id":"https:\/\/lagunaparkhotel.demo.deverso.tech\/hu\/condizioni-generali\/","url":"https:\/\/lagunaparkhotel.demo.deverso.tech\/hu\/condizioni-generali\/","name":"\u00c1ltal\u00e1nos felt\u00e9telek - Laguna Park Hotel Bibione","isPartOf":{"@id":"https:\/\/lagunaparkhotel.demo.deverso.tech\/hu\/#website"},"datePublished":"2025-12-18T16:06:30+00:00","dateModified":"2026-01-15T15:37:28+00:00","breadcrumb":{"@id":"https:\/\/lagunaparkhotel.demo.deverso.tech\/hu\/condizioni-generali\/#breadcrumb"},"inLanguage":"hu","potentialAction":[{"@type":"ReadAction","target":["https:\/\/lagunaparkhotel.demo.deverso.tech\/hu\/condizioni-generali\/"]}]},{"@type":"BreadcrumbList","@id":"https:\/\/lagunaparkhotel.demo.deverso.tech\/hu\/condizioni-generali\/#breadcrumb","itemListElement":[{"@type":"ListItem","position":1,"name":"Home","item":"https:\/\/lagunaparkhotel.demo.deverso.tech\/hu\/"},{"@type":"ListItem","position":2,"name":"\u00c1ltal\u00e1nos felt\u00e9telek"}]},{"@type":"WebSite","@id":"https:\/\/lagunaparkhotel.demo.deverso.tech\/hu\/#website","url":"https:\/\/lagunaparkhotel.demo.deverso.tech\/hu\/","name":"Laguna Park Hotel Bibione","description":"","potentialAction":[{"@type":"SearchAction","target":{"@type":"EntryPoint","urlTemplate":"https:\/\/lagunaparkhotel.demo.deverso.tech\/hu\/?s={search_term_string}"},"query-input":{"@type":"PropertyValueSpecification","valueRequired":true,"valueName":"search_term_string"}}],"inLanguage":"hu"}]}},"_links":{"self":[{"href":"https:\/\/lagunaparkhotel.demo.deverso.tech\/hu\/wp-json\/wp\/v2\/pages\/80455","targetHints":{"allow":["GET"]}}],"collection":[{"href":"https:\/\/lagunaparkhotel.demo.deverso.tech\/hu\/wp-json\/wp\/v2\/pages"}],"about":[{"href":"https:\/\/lagunaparkhotel.demo.deverso.tech\/hu\/wp-json\/wp\/v2\/types\/page"}],"author":[{"embeddable":true,"href":"https:\/\/lagunaparkhotel.demo.deverso.tech\/hu\/wp-json\/wp\/v2\/users\/1"}],"replies":[{"embeddable":true,"href":"https:\/\/lagunaparkhotel.demo.deverso.tech\/hu\/wp-json\/wp\/v2\/comments?post=80455"}],"version-history":[{"count":5,"href":"https:\/\/lagunaparkhotel.demo.deverso.tech\/hu\/wp-json\/wp\/v2\/pages\/80455\/revisions"}],"predecessor-version":[{"id":80484,"href":"https:\/\/lagunaparkhotel.demo.deverso.tech\/hu\/wp-json\/wp\/v2\/pages\/80455\/revisions\/80484"}],"wp:attachment":[{"href":"https:\/\/lagunaparkhotel.demo.deverso.tech\/hu\/wp-json\/wp\/v2\/media?parent=80455"}],"wp:term":[{"taxonomy":"category_page","embeddable":true,"href":"https:\/\/lagunaparkhotel.demo.deverso.tech\/hu\/wp-json\/wp\/v2\/category_page?post=80455"}],"curies":[{"name":"wp","href":"https:\/\/api.w.org\/{rel}","templated":true}]}}