{"id":82438,"date":"2025-01-01T09:37:00","date_gmt":"2025-01-01T08:37:00","guid":{"rendered":"https:\/\/lagunaparkhotel.demo.deverso.tech\/piscina-e-solarium\/"},"modified":"2026-02-27T12:59:19","modified_gmt":"2026-02-27T11:59:19","slug":"piscina-e-solarium","status":"publish","type":"page","link":"https:\/\/lagunaparkhotel.demo.deverso.tech\/hu\/piscina-e-solarium\/","title":{"rendered":"Il tuo hotel a Bibione con piscina e solarium panoramico"},"content":{"rendered":"\n<p>La piscina del Laguna Park Hotel \u00e8 il cuore dell\u2019esperienza all\u2019aperto: un ampio spazio di circa 340 m\u00b2 dove acqua cristallina e benessere si incontrano.<br>Ideale per chi cerca un hotel a Bibione con piscina, il parco si compone di una vasca per adulti dedicata al nuoto e al relax, un\u2019area idromassaggio con lettini immersi e cascata rigenerante, e una vasca pi\u00f9 bassa pensata per i bambini, arricchita da giochi d\u2019acqua. Il design circolare e la posizione sulla terrazza solarium creano un ambiente armonioso e riservato, ideale sia per chi desidera movimento sia per chi cerca quiete e tranquillit\u00e0.<\/p>\n","protected":false},"excerpt":{"rendered":"<p>La piscina del Laguna Park Hotel \u00e8 il cuore dell\u2019esperienza all\u2019aperto: un ampio spazio di circa 340 m\u00b2 dove acqua cristallina e benessere si incontrano.Ideale per chi cerca un hotel&#8230;<\/p>\n","protected":false},"author":1,"featured_media":76942,"parent":0,"menu_order":72,"comment_status":"closed","ping_status":"closed","template":"templates\/with-blocks-slider-central-page.php","meta":{"_acf_changed":false,"footnotes":""},"category_page":[10],"class_list":["post-82438","page","type-page","status-publish","has-post-thumbnail","hentry","category_page-linked-in-homepage"],"acf":[],"yoast_head":"<!-- This site is optimized with the Yoast SEO plugin v27.4 - https:\/\/yoast.com\/product\/yoast-seo-wordpress\/ -->\n<title>Hotel a Bibione con piscina<\/title>\n<meta name=\"description\" content=\"Al Laguna Park Hotel di Bibione ti aspetta una piscina di 340 m\u00b2, solarium vista mare, idromassaggi e comfort esclusivi per vivere momenti di puro relax all\u2019aria aperta.\" \/>\n<meta name=\"robots\" content=\"noindex, follow, max-snippet:-1, max-image-preview:large, max-video-preview:-1\" \/>\n<meta property=\"og:locale\" content=\"hu_HU\" \/>\n<meta property=\"og:type\" content=\"article\" \/>\n<meta property=\"og:title\" content=\"Hotel a Bibione con piscina\" \/>\n<meta property=\"og:description\" content=\"Al Laguna Park Hotel di Bibione ti aspetta una piscina di 340 m\u00b2, solarium vista mare, idromassaggi e comfort esclusivi per vivere momenti di puro relax all\u2019aria aperta.\" \/>\n<meta property=\"og:url\" content=\"https:\/\/lagunaparkhotel.demo.deverso.tech\/hu\/piscina-e-solarium\/\" \/>\n<meta property=\"og:site_name\" content=\"Laguna Park Hotel Bibione\" \/>\n<meta property=\"article:modified_time\" content=\"2026-02-27T11:59:19+00:00\" \/>\n<meta property=\"og:image\" content=\"https:\/\/lagunaparkhotel.demo.deverso.tech\/wp-content\/uploads\/header-piscina-solarium-1024x684.jpg\" \/>\n\t<meta property=\"og:image:width\" content=\"1024\" \/>\n\t<meta property=\"og:image:height\" content=\"684\" \/>\n\t<meta property=\"og:image:type\" content=\"image\/jpeg\" \/>\n<meta name=\"twitter:card\" content=\"summary_large_image\" \/>\n<meta name=\"twitter:label1\" content=\"Becs\u00fclt olvas\u00e1si id\u0151\" \/>\n\t<meta name=\"twitter:data1\" content=\"1 perc\" \/>\n<script type=\"application\/ld+json\" class=\"yoast-schema-graph\">{\"@context\":\"https:\\\/\\\/schema.org\",\"@graph\":[{\"@type\":\"WebPage\",\"@id\":\"https:\\\/\\\/lagunaparkhotel.demo.deverso.tech\\\/hu\\\/piscina-e-solarium\\\/\",\"url\":\"https:\\\/\\\/lagunaparkhotel.demo.deverso.tech\\\/hu\\\/piscina-e-solarium\\\/\",\"name\":\"Hotel a Bibione con piscina\",\"isPartOf\":{\"@id\":\"https:\\\/\\\/lagunaparkhotel.demo.deverso.tech\\\/hu\\\/#website\"},\"primaryImageOfPage\":{\"@id\":\"https:\\\/\\\/lagunaparkhotel.demo.deverso.tech\\\/hu\\\/piscina-e-solarium\\\/#primaryimage\"},\"image\":{\"@id\":\"https:\\\/\\\/lagunaparkhotel.demo.deverso.tech\\\/hu\\\/piscina-e-solarium\\\/#primaryimage\"},\"thumbnailUrl\":\"https:\\\/\\\/lagunaparkhotel.demo.deverso.tech\\\/wp-content\\\/uploads\\\/header-piscina-solarium-768x513.webp\",\"datePublished\":\"2025-01-01T08:37:00+00:00\",\"dateModified\":\"2026-02-27T11:59:19+00:00\",\"description\":\"Al Laguna Park Hotel di Bibione ti aspetta una piscina di 340 m\u00b2, solarium vista mare, idromassaggi e comfort esclusivi per vivere momenti di puro relax all\u2019aria aperta.\",\"breadcrumb\":{\"@id\":\"https:\\\/\\\/lagunaparkhotel.demo.deverso.tech\\\/hu\\\/piscina-e-solarium\\\/#breadcrumb\"},\"inLanguage\":\"hu\",\"potentialAction\":[{\"@type\":\"ReadAction\",\"target\":[\"https:\\\/\\\/lagunaparkhotel.demo.deverso.tech\\\/hu\\\/piscina-e-solarium\\\/\"]}]},{\"@type\":\"ImageObject\",\"inLanguage\":\"hu\",\"@id\":\"https:\\\/\\\/lagunaparkhotel.demo.deverso.tech\\\/hu\\\/piscina-e-solarium\\\/#primaryimage\",\"url\":\"https:\\\/\\\/lagunaparkhotel.demo.deverso.tech\\\/wp-content\\\/uploads\\\/header-piscina-solarium-768x513.webp\",\"contentUrl\":\"https:\\\/\\\/lagunaparkhotel.demo.deverso.tech\\\/wp-content\\\/uploads\\\/header-piscina-solarium-768x513.webp\",\"width\":2400,\"height\":1602,\"caption\":\"Coppia che passeggia a bordo piscina\"},{\"@type\":\"BreadcrumbList\",\"@id\":\"https:\\\/\\\/lagunaparkhotel.demo.deverso.tech\\\/hu\\\/piscina-e-solarium\\\/#breadcrumb\",\"itemListElement\":[{\"@type\":\"ListItem\",\"position\":1,\"name\":\"Home\",\"item\":\"https:\\\/\\\/lagunaparkhotel.demo.deverso.tech\\\/hu\\\/\"},{\"@type\":\"ListItem\",\"position\":2,\"name\":\"Il tuo hotel a Bibione con piscina e solarium panoramico\"}]},{\"@type\":\"WebSite\",\"@id\":\"https:\\\/\\\/lagunaparkhotel.demo.deverso.tech\\\/hu\\\/#website\",\"url\":\"https:\\\/\\\/lagunaparkhotel.demo.deverso.tech\\\/hu\\\/\",\"name\":\"Laguna Park Hotel Bibione\",\"description\":\"\",\"potentialAction\":[{\"@type\":\"SearchAction\",\"target\":{\"@type\":\"EntryPoint\",\"urlTemplate\":\"https:\\\/\\\/lagunaparkhotel.demo.deverso.tech\\\/hu\\\/?s={search_term_string}\"},\"query-input\":{\"@type\":\"PropertyValueSpecification\",\"valueRequired\":true,\"valueName\":\"search_term_string\"}}],\"inLanguage\":\"hu\"}]}<\/script>\n<!-- \/ Yoast SEO plugin. -->","yoast_head_json":{"title":"Hotel a Bibione con piscina","description":"Al Laguna Park Hotel di Bibione ti aspetta una piscina di 340 m\u00b2, solarium vista mare, idromassaggi e comfort esclusivi per vivere momenti di puro relax all\u2019aria aperta.","robots":{"index":"noindex","follow":"follow","max-snippet":"max-snippet:-1","max-image-preview":"max-image-preview:large","max-video-preview":"max-video-preview:-1"},"og_locale":"hu_HU","og_type":"article","og_title":"Hotel a Bibione con piscina","og_description":"Al Laguna Park Hotel di Bibione ti aspetta una piscina di 340 m\u00b2, solarium vista mare, idromassaggi e comfort esclusivi per vivere momenti di puro relax all\u2019aria aperta.","og_url":"https:\/\/lagunaparkhotel.demo.deverso.tech\/hu\/piscina-e-solarium\/","og_site_name":"Laguna Park Hotel Bibione","article_modified_time":"2026-02-27T11:59:19+00:00","og_image":[{"width":1024,"height":684,"url":"https:\/\/lagunaparkhotel.demo.deverso.tech\/wp-content\/uploads\/header-piscina-solarium-1024x684.jpg","type":"image\/jpeg"}],"twitter_card":"summary_large_image","twitter_misc":{"Becs\u00fclt olvas\u00e1si id\u0151":"1 perc"},"schema":{"@context":"https:\/\/schema.org","@graph":[{"@type":"WebPage","@id":"https:\/\/lagunaparkhotel.demo.deverso.tech\/hu\/piscina-e-solarium\/","url":"https:\/\/lagunaparkhotel.demo.deverso.tech\/hu\/piscina-e-solarium\/","name":"Hotel a Bibione con piscina","isPartOf":{"@id":"https:\/\/lagunaparkhotel.demo.deverso.tech\/hu\/#website"},"primaryImageOfPage":{"@id":"https:\/\/lagunaparkhotel.demo.deverso.tech\/hu\/piscina-e-solarium\/#primaryimage"},"image":{"@id":"https:\/\/lagunaparkhotel.demo.deverso.tech\/hu\/piscina-e-solarium\/#primaryimage"},"thumbnailUrl":"https:\/\/lagunaparkhotel.demo.deverso.tech\/wp-content\/uploads\/header-piscina-solarium-768x513.webp","datePublished":"2025-01-01T08:37:00+00:00","dateModified":"2026-02-27T11:59:19+00:00","description":"Al Laguna Park Hotel di Bibione ti aspetta una piscina di 340 m\u00b2, solarium vista mare, idromassaggi e comfort esclusivi per vivere momenti di puro relax all\u2019aria aperta.","breadcrumb":{"@id":"https:\/\/lagunaparkhotel.demo.deverso.tech\/hu\/piscina-e-solarium\/#breadcrumb"},"inLanguage":"hu","potentialAction":[{"@type":"ReadAction","target":["https:\/\/lagunaparkhotel.demo.deverso.tech\/hu\/piscina-e-solarium\/"]}]},{"@type":"ImageObject","inLanguage":"hu","@id":"https:\/\/lagunaparkhotel.demo.deverso.tech\/hu\/piscina-e-solarium\/#primaryimage","url":"https:\/\/lagunaparkhotel.demo.deverso.tech\/wp-content\/uploads\/header-piscina-solarium-768x513.webp","contentUrl":"https:\/\/lagunaparkhotel.demo.deverso.tech\/wp-content\/uploads\/header-piscina-solarium-768x513.webp","width":2400,"height":1602,"caption":"Coppia che passeggia a bordo piscina"},{"@type":"BreadcrumbList","@id":"https:\/\/lagunaparkhotel.demo.deverso.tech\/hu\/piscina-e-solarium\/#breadcrumb","itemListElement":[{"@type":"ListItem","position":1,"name":"Home","item":"https:\/\/lagunaparkhotel.demo.deverso.tech\/hu\/"},{"@type":"ListItem","position":2,"name":"Il tuo hotel a Bibione con piscina e solarium panoramico"}]},{"@type":"WebSite","@id":"https:\/\/lagunaparkhotel.demo.deverso.tech\/hu\/#website","url":"https:\/\/lagunaparkhotel.demo.deverso.tech\/hu\/","name":"Laguna Park Hotel Bibione","description":"","potentialAction":[{"@type":"SearchAction","target":{"@type":"EntryPoint","urlTemplate":"https:\/\/lagunaparkhotel.demo.deverso.tech\/hu\/?s={search_term_string}"},"query-input":{"@type":"PropertyValueSpecification","valueRequired":true,"valueName":"search_term_string"}}],"inLanguage":"hu"}]}},"_links":{"self":[{"href":"https:\/\/lagunaparkhotel.demo.deverso.tech\/hu\/wp-json\/wp\/v2\/pages\/82438","targetHints":{"allow":["GET"]}}],"collection":[{"href":"https:\/\/lagunaparkhotel.demo.deverso.tech\/hu\/wp-json\/wp\/v2\/pages"}],"about":[{"href":"https:\/\/lagunaparkhotel.demo.deverso.tech\/hu\/wp-json\/wp\/v2\/types\/page"}],"author":[{"embeddable":true,"href":"https:\/\/lagunaparkhotel.demo.deverso.tech\/hu\/wp-json\/wp\/v2\/users\/1"}],"replies":[{"embeddable":true,"href":"https:\/\/lagunaparkhotel.demo.deverso.tech\/hu\/wp-json\/wp\/v2\/comments?post=82438"}],"version-history":[{"count":3,"href":"https:\/\/lagunaparkhotel.demo.deverso.tech\/hu\/wp-json\/wp\/v2\/pages\/82438\/revisions"}],"predecessor-version":[{"id":83466,"href":"https:\/\/lagunaparkhotel.demo.deverso.tech\/hu\/wp-json\/wp\/v2\/pages\/82438\/revisions\/83466"}],"wp:featuredmedia":[{"embeddable":true,"href":"https:\/\/lagunaparkhotel.demo.deverso.tech\/hu\/wp-json\/wp\/v2\/media\/76942"}],"wp:attachment":[{"href":"https:\/\/lagunaparkhotel.demo.deverso.tech\/hu\/wp-json\/wp\/v2\/media?parent=82438"}],"wp:term":[{"taxonomy":"category_page","embeddable":true,"href":"https:\/\/lagunaparkhotel.demo.deverso.tech\/hu\/wp-json\/wp\/v2\/category_page?post=82438"}],"curies":[{"name":"wp","href":"https:\/\/api.w.org\/{rel}","templated":true}]}}