{"id":80456,"date":"2025-12-18T17:06:30","date_gmt":"2025-12-18T16:06:30","guid":{"rendered":"https:\/\/lagunaparkhotel.demo.deverso.tech\/condizioni-generali\/"},"modified":"2026-01-15T16:41:44","modified_gmt":"2026-01-15T15:41:44","slug":"condizioni-generali","status":"publish","type":"page","link":"https:\/\/lagunaparkhotel.demo.deverso.tech\/pl\/condizioni-generali\/","title":{"rendered":"Og\u00f3lne warunki"},"content":{"rendered":"\n<p><strong>CHECK-IN<\/strong> od 13:00 | <strong>CHECK-OUT<\/strong> do 10:00<\/p>\n\n\n\n<h2 class=\"wp-block-heading has-large-font-size\">Polityka anulacji:<\/h2>\n\n\n\n<ul class=\"wp-block-list\">\n<li>W przypadku anulacji do 15 dni przed przyjazdem: mo\u017cliwo\u015b\u0107 zmiany terminu pobytu bez op\u0142at lub przekszta\u0142cenia zadatku w voucher do wykorzystania na rezerwacj\u0119 w bie\u017c\u0105cym roku lub najp\u00f3\u017aniej w roku nast\u0119pnym<\/li>\n\n\n\n<li>Od 14 dni przed przyjazdem do no-show: zaliczka przepada<\/li>\n\n\n\n<li>Dla stawki \u201eNIEZWROTNEJ\u201d, w przypadku anulacji, zmian lub no-show, zostanie pobrana ca\u0142a kwota pobytu<\/li>\n<\/ul>\n\n\n\n<h2 class=\"wp-block-heading has-large-font-size\">Przyjazd, brak przyjazdu:<\/h2>\n\n\n\n<p>Przyjazd musi nast\u0105pi\u0107 w ustalonym dniu po godzinie 13:00. Przy przyje\u017adzie nale\u017cy przedstawi\u0107 dokumenty to\u017csamo\u015bci wszystkich os\u00f3b zajmuj\u0105cych pok\u00f3j w celu rejestracji.<br>W przypadku op\u00f3\u017anienia klient musi niezw\u0142ocznie powiadomi\u0107 hotel; w przeciwnym razie pok\u00f3j b\u0119dzie zarezerwowany do godziny 10:00 nast\u0119pnego dnia, po czym hotel zastrzega sobie prawo do wynaj\u0119cia go osobom trzecim.<\/p>\n\n\n\n<h2 class=\"wp-block-heading has-large-font-size\">Wczesny wyjazd:<\/h2>\n\n\n\n<p>Je\u015bli klient, kt\u00f3ry ju\u017c przebywa w hotelu, zdecyduje si\u0119 na wcze\u015bniejszy wyjazd &#8211; z wyj\u0105tkiem przypadk\u00f3w si\u0142y wy\u017cszej udokumentowanej &#8211; hotel mo\u017ce \u017c\u0105da\u0107 od klienta zap\u0142aty za pok\u00f3j za ca\u0142y okres wskazany w rezerwacji (chyba \u017ce wina le\u017cy po stronie hotelu lub jego pracownik\u00f3w), pomniejszonej o ewentualne niewykorzystane posi\u0142ki.<\/p>\n\n\n\n<h2 class=\"wp-block-heading has-large-font-size\">Obliczanie cen:<\/h2>\n\n\n\n<p>Zni\u017cki (dla os\u00f3b zakwaterowanych w pokoju z 2 osobami p\u0142ac\u0105cymi pe\u0142n\u0105 cen\u0119, w tym \u0142\u00f3\u017ceczko lub ko\u0142yska dla dzieci):<br>100% zni\u017cki dla dzieci w wieku od 0 do 2,99 lat | 50% zni\u017cki dla dzieci w wieku od 3 do 5,99 lat | 30% zni\u017cki dla dzieci w wieku od 6 do 13,99 lat | 15% zni\u017cki dla trzeciej osoby od 14 lat wzwy\u017c<br>(W pokojach Classica i Luminosa mo\u017cna bezp\u0142atnie doda\u0107 jedno dziecko w wieku od 0 do 2 lat w \u0142\u00f3\u017cku z rodzicami lub w ko\u0142ysce)<\/p>\n\n\n\n<h2 class=\"wp-block-heading has-large-font-size\">Us\u0142ugi wliczone w cen\u0119:<\/h2>\n\n\n\n<ul class=\"wp-block-list\">\n<li>Podatek VAT<\/li>\n\n\n\n<li>Serwis pla\u017cowy (jeden parasol, dwa le\u017caki XL \u2013 us\u0142uga gwarantowana od po\u0142owy maja do po\u0142owy wrze\u015bnia)<\/li>\n\n\n\n<li>Korzystanie z basenu i solarium (od maja do wrze\u015bnia), sali zabaw wewn\u0119trznej<\/li>\n\n\n\n<li>Wst\u0119p do strefy wellness \u201eLaguna SPA\u201d i strefy cardio-fitness<\/li>\n\n\n\n<li>Transfer do centrum Bibione Spiaggia<\/li>\n\n\n\n<li>Codzienne sprz\u0105tanie z wymian\u0105 r\u0119cznik\u00f3w pla\u017cowych, po\u015bcieli i r\u0119cznik\u00f3w \u0142azienkowych<\/li>\n\n\n\n<li>Animacje: programy dla dzieci, aktywno\u015bci wellness dla doros\u0142ych i wieczorne pokazy<\/li>\n\n\n\n<li>Wypo\u017cyczalnia rower\u00f3w (do wyczerpania zapas\u00f3w)<\/li>\n\n\n\n<li>Klimatyzacja \/ ogrzewanie<\/li>\n\n\n\n<li>Miejsce parkingowe w gara\u017cu<\/li>\n\n\n\n<li>Wi-Fi<\/li>\n\n\n\n<li>Europa Card: karta rabatowa do Bibione Thermae, restauracji, sklep\u00f3w i r\u00f3\u017cnych atrakcji<\/li>\n<\/ul>\n\n\n\n<h2 class=\"wp-block-heading has-large-font-size\">Dodatkowo p\u0142atne:<\/h2>\n\n\n\n<ul class=\"wp-block-list\">\n<li>Napoje: nie s\u0105 wliczone w cen\u0119<\/li>\n\n\n\n<li>Podatek turystyczny: cena nie obejmuje podatku turystycznego w wysoko\u015bci 2,35 \u20ac za osob\u0119 za nocleg, obowi\u0105zuj\u0105cego od 4 roku \u017cycia, maksymalnie za 10 kolejnych nocy<\/li>\n\n\n\n<li>Us\u0142uga restauracyjna: Bufet Free Service lub obs\u0142uga kelnerska wed\u0142ug uznania kierownictwa<\/li>\n\n\n\n<li>Dodatkowe \u015bniadanie \u201eFree Service\u201d: 20,00 \u20ac<\/li>\n\n\n\n<li>Dodatkowa kolacja \u201eFree Service\u201d (bez napoj\u00f3w): 40,00 \u20ac<\/li>\n\n\n\n<li>Zabiegi i masa\u017ce w Laguna SPA (menu i ceny na stronie \u201eLaguna SPA\u201d)<\/li>\n<\/ul>\n\n\n\n<p><strong>Zwierz\u0119ta<\/strong>: Zwierz\u0119ta domowe nie s\u0105 akceptowane<\/p>\n\n\n\n<p><em>W przypadku si\u0142y wy\u017cszej lub szczeg\u00f3lnych okoliczno\u015bci kierownictwo hoteli i aparthoteli Europa Tourist Group zastrzega sobie prawo do przeniesienia rezerwacji, r\u00f3wnie\u017c cz\u0119\u015bciowo, do jednej z naszych podobnych struktur na tych samych warunkach cenowych i z tymi samymi us\u0142ugami.<\/em><\/p>\n\n\n\n<p>UNIKALNY KOD IDENTYFIKACYJNY: 027034-ALB-00002<br><strong>CIN<\/strong>: IT027034A1BW2GWTW6<\/p>\n","protected":false},"excerpt":{"rendered":"<p>CHECK-IN od 13:00 | CHECK-OUT do 10:00 Polityka anulacji: Przyjazd, brak przyjazdu: Przyjazd musi nast\u0105pi\u0107 w ustalonym dniu po godzinie 13:00. Przy przyje\u017adzie nale\u017cy przedstawi\u0107 dokumenty to\u017csamo\u015bci wszystkich os\u00f3b zajmuj\u0105cych&#8230;<\/p>\n","protected":false},"author":1,"featured_media":0,"parent":0,"menu_order":121,"comment_status":"closed","ping_status":"closed","template":"templates\/full-text-page.php","meta":{"_acf_changed":false,"footnotes":""},"category_page":[],"class_list":["post-80456","page","type-page","status-publish","hentry"],"acf":[],"yoast_head":"<!-- This site is optimized with the Yoast SEO plugin v27.4 - https:\/\/yoast.com\/product\/yoast-seo-wordpress\/ -->\n<title>Og\u00f3lne warunki - Laguna Park Hotel Bibione<\/title>\n<meta name=\"robots\" content=\"noindex, follow, max-snippet:-1, max-image-preview:large, max-video-preview:-1\" \/>\n<meta property=\"og:locale\" content=\"pl_PL\" \/>\n<meta property=\"og:type\" content=\"article\" \/>\n<meta property=\"og:title\" content=\"Og\u00f3lne warunki - Laguna Park Hotel Bibione\" \/>\n<meta property=\"og:description\" content=\"CHECK-IN od 13:00 | CHECK-OUT do 10:00 Polityka anulacji: Przyjazd, brak przyjazdu: Przyjazd musi nast\u0105pi\u0107 w ustalonym dniu po godzinie 13:00. Przy przyje\u017adzie nale\u017cy przedstawi\u0107 dokumenty to\u017csamo\u015bci wszystkich os\u00f3b zajmuj\u0105cych...\" \/>\n<meta property=\"og:url\" content=\"https:\/\/lagunaparkhotel.demo.deverso.tech\/pl\/condizioni-generali\/\" \/>\n<meta property=\"og:site_name\" content=\"Laguna Park Hotel Bibione\" \/>\n<meta property=\"article:modified_time\" content=\"2026-01-15T15:41:44+00:00\" \/>\n<meta name=\"twitter:card\" content=\"summary_large_image\" \/>\n<meta name=\"twitter:label1\" content=\"Szacowany czas czytania\" \/>\n\t<meta name=\"twitter:data1\" content=\"3 minuty\" \/>\n<script type=\"application\/ld+json\" class=\"yoast-schema-graph\">{\"@context\":\"https:\\\/\\\/schema.org\",\"@graph\":[{\"@type\":\"WebPage\",\"@id\":\"https:\\\/\\\/lagunaparkhotel.demo.deverso.tech\\\/pl\\\/condizioni-generali\\\/\",\"url\":\"https:\\\/\\\/lagunaparkhotel.demo.deverso.tech\\\/pl\\\/condizioni-generali\\\/\",\"name\":\"Og\u00f3lne warunki - Laguna Park Hotel Bibione\",\"isPartOf\":{\"@id\":\"https:\\\/\\\/lagunaparkhotel.demo.deverso.tech\\\/pl\\\/#website\"},\"datePublished\":\"2025-12-18T16:06:30+00:00\",\"dateModified\":\"2026-01-15T15:41:44+00:00\",\"breadcrumb\":{\"@id\":\"https:\\\/\\\/lagunaparkhotel.demo.deverso.tech\\\/pl\\\/condizioni-generali\\\/#breadcrumb\"},\"inLanguage\":\"pl-PL\",\"potentialAction\":[{\"@type\":\"ReadAction\",\"target\":[\"https:\\\/\\\/lagunaparkhotel.demo.deverso.tech\\\/pl\\\/condizioni-generali\\\/\"]}]},{\"@type\":\"BreadcrumbList\",\"@id\":\"https:\\\/\\\/lagunaparkhotel.demo.deverso.tech\\\/pl\\\/condizioni-generali\\\/#breadcrumb\",\"itemListElement\":[{\"@type\":\"ListItem\",\"position\":1,\"name\":\"Home\",\"item\":\"https:\\\/\\\/lagunaparkhotel.demo.deverso.tech\\\/pl\\\/\"},{\"@type\":\"ListItem\",\"position\":2,\"name\":\"Og\u00f3lne warunki\"}]},{\"@type\":\"WebSite\",\"@id\":\"https:\\\/\\\/lagunaparkhotel.demo.deverso.tech\\\/pl\\\/#website\",\"url\":\"https:\\\/\\\/lagunaparkhotel.demo.deverso.tech\\\/pl\\\/\",\"name\":\"Laguna Park Hotel Bibione\",\"description\":\"\",\"potentialAction\":[{\"@type\":\"SearchAction\",\"target\":{\"@type\":\"EntryPoint\",\"urlTemplate\":\"https:\\\/\\\/lagunaparkhotel.demo.deverso.tech\\\/pl\\\/?s={search_term_string}\"},\"query-input\":{\"@type\":\"PropertyValueSpecification\",\"valueRequired\":true,\"valueName\":\"search_term_string\"}}],\"inLanguage\":\"pl-PL\"}]}<\/script>\n<!-- \/ Yoast SEO plugin. -->","yoast_head_json":{"title":"Og\u00f3lne warunki - Laguna Park Hotel Bibione","robots":{"index":"noindex","follow":"follow","max-snippet":"max-snippet:-1","max-image-preview":"max-image-preview:large","max-video-preview":"max-video-preview:-1"},"og_locale":"pl_PL","og_type":"article","og_title":"Og\u00f3lne warunki - Laguna Park Hotel Bibione","og_description":"CHECK-IN od 13:00 | CHECK-OUT do 10:00 Polityka anulacji: Przyjazd, brak przyjazdu: Przyjazd musi nast\u0105pi\u0107 w ustalonym dniu po godzinie 13:00. Przy przyje\u017adzie nale\u017cy przedstawi\u0107 dokumenty to\u017csamo\u015bci wszystkich os\u00f3b zajmuj\u0105cych...","og_url":"https:\/\/lagunaparkhotel.demo.deverso.tech\/pl\/condizioni-generali\/","og_site_name":"Laguna Park Hotel Bibione","article_modified_time":"2026-01-15T15:41:44+00:00","twitter_card":"summary_large_image","twitter_misc":{"Szacowany czas czytania":"3 minuty"},"schema":{"@context":"https:\/\/schema.org","@graph":[{"@type":"WebPage","@id":"https:\/\/lagunaparkhotel.demo.deverso.tech\/pl\/condizioni-generali\/","url":"https:\/\/lagunaparkhotel.demo.deverso.tech\/pl\/condizioni-generali\/","name":"Og\u00f3lne warunki - Laguna Park Hotel Bibione","isPartOf":{"@id":"https:\/\/lagunaparkhotel.demo.deverso.tech\/pl\/#website"},"datePublished":"2025-12-18T16:06:30+00:00","dateModified":"2026-01-15T15:41:44+00:00","breadcrumb":{"@id":"https:\/\/lagunaparkhotel.demo.deverso.tech\/pl\/condizioni-generali\/#breadcrumb"},"inLanguage":"pl-PL","potentialAction":[{"@type":"ReadAction","target":["https:\/\/lagunaparkhotel.demo.deverso.tech\/pl\/condizioni-generali\/"]}]},{"@type":"BreadcrumbList","@id":"https:\/\/lagunaparkhotel.demo.deverso.tech\/pl\/condizioni-generali\/#breadcrumb","itemListElement":[{"@type":"ListItem","position":1,"name":"Home","item":"https:\/\/lagunaparkhotel.demo.deverso.tech\/pl\/"},{"@type":"ListItem","position":2,"name":"Og\u00f3lne warunki"}]},{"@type":"WebSite","@id":"https:\/\/lagunaparkhotel.demo.deverso.tech\/pl\/#website","url":"https:\/\/lagunaparkhotel.demo.deverso.tech\/pl\/","name":"Laguna Park Hotel Bibione","description":"","potentialAction":[{"@type":"SearchAction","target":{"@type":"EntryPoint","urlTemplate":"https:\/\/lagunaparkhotel.demo.deverso.tech\/pl\/?s={search_term_string}"},"query-input":{"@type":"PropertyValueSpecification","valueRequired":true,"valueName":"search_term_string"}}],"inLanguage":"pl-PL"}]}},"_links":{"self":[{"href":"https:\/\/lagunaparkhotel.demo.deverso.tech\/pl\/wp-json\/wp\/v2\/pages\/80456","targetHints":{"allow":["GET"]}}],"collection":[{"href":"https:\/\/lagunaparkhotel.demo.deverso.tech\/pl\/wp-json\/wp\/v2\/pages"}],"about":[{"href":"https:\/\/lagunaparkhotel.demo.deverso.tech\/pl\/wp-json\/wp\/v2\/types\/page"}],"author":[{"embeddable":true,"href":"https:\/\/lagunaparkhotel.demo.deverso.tech\/pl\/wp-json\/wp\/v2\/users\/1"}],"replies":[{"embeddable":true,"href":"https:\/\/lagunaparkhotel.demo.deverso.tech\/pl\/wp-json\/wp\/v2\/comments?post=80456"}],"version-history":[{"count":4,"href":"https:\/\/lagunaparkhotel.demo.deverso.tech\/pl\/wp-json\/wp\/v2\/pages\/80456\/revisions"}],"predecessor-version":[{"id":80487,"href":"https:\/\/lagunaparkhotel.demo.deverso.tech\/pl\/wp-json\/wp\/v2\/pages\/80456\/revisions\/80487"}],"wp:attachment":[{"href":"https:\/\/lagunaparkhotel.demo.deverso.tech\/pl\/wp-json\/wp\/v2\/media?parent=80456"}],"wp:term":[{"taxonomy":"category_page","embeddable":true,"href":"https:\/\/lagunaparkhotel.demo.deverso.tech\/pl\/wp-json\/wp\/v2\/category_page?post=80456"}],"curies":[{"name":"wp","href":"https:\/\/api.w.org\/{rel}","templated":true}]}}