{"id":82455,"date":"2025-10-09T09:44:37","date_gmt":"2025-10-09T07:44:37","guid":{"rendered":"https:\/\/lagunaparkhotel.demo.deverso.tech\/sport\/"},"modified":"2026-04-01T15:12:52","modified_gmt":"2026-04-01T13:12:52","slug":"sport","status":"publish","type":"page","link":"https:\/\/lagunaparkhotel.demo.deverso.tech\/pl\/sport\/","title":{"rendered":"Sport e attivit\u00e0 nella natura, dal tuo hotel a Bibione"},"content":{"rendered":"\n<p>Al Laguna Park Hotel il movimento fa parte del benessere. Che tu sia un appassionato di attivit\u00e0 all\u2019aria aperta o semplicemente desideri esplorare il territorio in modo alternativo, troverai servizi pensati per vivere Bibione attivamente. Il nostro hotel offre il noleggio biciclette, comprese e-bike a tariffe agevolate, per muoverti in autonomia tra pineta, laguna e lungomare. <\/p>\n\n\n\n<p>Se stai progettando una vacanza sportiva a Bibione, qui troverai tutto quello che serve per unire movimento, scoperta e relax.<\/p>\n\n\n\n<p>Cogli l\u2019opportunit\u00e0 offerta dal Laguna Park Hotel e vivi Bibione da una prospettiva diversa: il noleggio bici \u00e8 il modo perfetto per scoprire angoli nascosti e paesaggi straordinari di una delle localit\u00e0 pi\u00f9 amate della costa Adriatica.<\/p>\n","protected":false},"excerpt":{"rendered":"<p>Al Laguna Park Hotel il movimento fa parte del benessere. Che tu sia un appassionato di attivit\u00e0 all\u2019aria aperta o semplicemente desideri esplorare il territorio in modo alternativo, troverai servizi&#8230;<\/p>\n","protected":false},"author":1,"featured_media":84883,"parent":0,"menu_order":159,"comment_status":"closed","ping_status":"closed","template":"","meta":{"_acf_changed":false,"footnotes":""},"category_page":[],"class_list":["post-82455","page","type-page","status-publish","has-post-thumbnail","hentry"],"acf":[],"yoast_head":"<!-- This site is optimized with the Yoast SEO plugin v27.4 - https:\/\/yoast.com\/product\/yoast-seo-wordpress\/ -->\n<title>Hotel con noleggio biciclette a Bibione<\/title>\n<meta name=\"description\" content=\"Pedala tra pineta, laguna e mare: al Laguna Park Hotel vivi la tua vacanza attiva con noleggio bici, e-bike e tanti servizi pensati per chi ama muoversi in libert\u00e0.\" \/>\n<meta name=\"robots\" content=\"noindex, follow, max-snippet:-1, max-image-preview:large, max-video-preview:-1\" \/>\n<meta property=\"og:locale\" content=\"pl_PL\" \/>\n<meta property=\"og:type\" content=\"article\" \/>\n<meta property=\"og:title\" content=\"Hotel con noleggio biciclette a Bibione\" \/>\n<meta property=\"og:description\" content=\"Pedala tra pineta, laguna e mare: al Laguna Park Hotel vivi la tua vacanza attiva con noleggio bici, e-bike e tanti servizi pensati per chi ama muoversi in libert\u00e0.\" \/>\n<meta property=\"og:url\" content=\"https:\/\/lagunaparkhotel.demo.deverso.tech\/pl\/sport\/\" \/>\n<meta property=\"og:site_name\" content=\"Laguna Park Hotel Bibione\" \/>\n<meta property=\"article:modified_time\" content=\"2026-04-01T13:12:52+00:00\" \/>\n<meta property=\"og:image\" content=\"https:\/\/lagunaparkhotel.demo.deverso.tech\/wp-content\/uploads\/L2A1218-768x512.webp\" \/>\n\t<meta property=\"og:image:width\" content=\"2560\" \/>\n\t<meta property=\"og:image:height\" content=\"1708\" \/>\n\t<meta property=\"og:image:type\" content=\"image\/jpeg\" \/>\n<meta name=\"twitter:card\" content=\"summary_large_image\" \/>\n<meta name=\"twitter:label1\" content=\"Szacowany czas czytania\" \/>\n\t<meta name=\"twitter:data1\" content=\"1 minuta\" \/>\n<script type=\"application\/ld+json\" class=\"yoast-schema-graph\">{\"@context\":\"https:\\\/\\\/schema.org\",\"@graph\":[{\"@type\":\"WebPage\",\"@id\":\"https:\\\/\\\/lagunaparkhotel.demo.deverso.tech\\\/pl\\\/sport\\\/\",\"url\":\"https:\\\/\\\/lagunaparkhotel.demo.deverso.tech\\\/pl\\\/sport\\\/\",\"name\":\"Hotel con noleggio biciclette a Bibione\",\"isPartOf\":{\"@id\":\"https:\\\/\\\/lagunaparkhotel.demo.deverso.tech\\\/pl\\\/#website\"},\"primaryImageOfPage\":{\"@id\":\"https:\\\/\\\/lagunaparkhotel.demo.deverso.tech\\\/pl\\\/sport\\\/#primaryimage\"},\"image\":{\"@id\":\"https:\\\/\\\/lagunaparkhotel.demo.deverso.tech\\\/pl\\\/sport\\\/#primaryimage\"},\"thumbnailUrl\":\"https:\\\/\\\/lagunaparkhotel.demo.deverso.tech\\\/wp-content\\\/uploads\\\/L2A1218-768x512.webp\",\"datePublished\":\"2025-10-09T07:44:37+00:00\",\"dateModified\":\"2026-04-01T13:12:52+00:00\",\"description\":\"Pedala tra pineta, laguna e mare: al Laguna Park Hotel vivi la tua vacanza attiva con noleggio bici, e-bike e tanti servizi pensati per chi ama muoversi in libert\u00e0.\",\"breadcrumb\":{\"@id\":\"https:\\\/\\\/lagunaparkhotel.demo.deverso.tech\\\/pl\\\/sport\\\/#breadcrumb\"},\"inLanguage\":\"pl-PL\",\"potentialAction\":[{\"@type\":\"ReadAction\",\"target\":[\"https:\\\/\\\/lagunaparkhotel.demo.deverso.tech\\\/pl\\\/sport\\\/\"]}]},{\"@type\":\"ImageObject\",\"inLanguage\":\"pl-PL\",\"@id\":\"https:\\\/\\\/lagunaparkhotel.demo.deverso.tech\\\/pl\\\/sport\\\/#primaryimage\",\"url\":\"https:\\\/\\\/lagunaparkhotel.demo.deverso.tech\\\/wp-content\\\/uploads\\\/L2A1218-768x512.webp\",\"contentUrl\":\"https:\\\/\\\/lagunaparkhotel.demo.deverso.tech\\\/wp-content\\\/uploads\\\/L2A1218-768x512.webp\",\"width\":2560,\"height\":1708,\"caption\":\"Passeggiata natura in spiaggia\"},{\"@type\":\"BreadcrumbList\",\"@id\":\"https:\\\/\\\/lagunaparkhotel.demo.deverso.tech\\\/pl\\\/sport\\\/#breadcrumb\",\"itemListElement\":[{\"@type\":\"ListItem\",\"position\":1,\"name\":\"Home\",\"item\":\"https:\\\/\\\/lagunaparkhotel.demo.deverso.tech\\\/pl\\\/\"},{\"@type\":\"ListItem\",\"position\":2,\"name\":\"Sport e attivit\u00e0 nella natura, dal tuo hotel a Bibione\"}]},{\"@type\":\"WebSite\",\"@id\":\"https:\\\/\\\/lagunaparkhotel.demo.deverso.tech\\\/pl\\\/#website\",\"url\":\"https:\\\/\\\/lagunaparkhotel.demo.deverso.tech\\\/pl\\\/\",\"name\":\"Laguna Park Hotel Bibione\",\"description\":\"\",\"potentialAction\":[{\"@type\":\"SearchAction\",\"target\":{\"@type\":\"EntryPoint\",\"urlTemplate\":\"https:\\\/\\\/lagunaparkhotel.demo.deverso.tech\\\/pl\\\/?s={search_term_string}\"},\"query-input\":{\"@type\":\"PropertyValueSpecification\",\"valueRequired\":true,\"valueName\":\"search_term_string\"}}],\"inLanguage\":\"pl-PL\"}]}<\/script>\n<!-- \/ Yoast SEO plugin. -->","yoast_head_json":{"title":"Hotel con noleggio biciclette a Bibione","description":"Pedala tra pineta, laguna e mare: al Laguna Park Hotel vivi la tua vacanza attiva con noleggio bici, e-bike e tanti servizi pensati per chi ama muoversi in libert\u00e0.","robots":{"index":"noindex","follow":"follow","max-snippet":"max-snippet:-1","max-image-preview":"max-image-preview:large","max-video-preview":"max-video-preview:-1"},"og_locale":"pl_PL","og_type":"article","og_title":"Hotel con noleggio biciclette a Bibione","og_description":"Pedala tra pineta, laguna e mare: al Laguna Park Hotel vivi la tua vacanza attiva con noleggio bici, e-bike e tanti servizi pensati per chi ama muoversi in libert\u00e0.","og_url":"https:\/\/lagunaparkhotel.demo.deverso.tech\/pl\/sport\/","og_site_name":"Laguna Park Hotel Bibione","article_modified_time":"2026-04-01T13:12:52+00:00","og_image":[{"width":2560,"height":1708,"url":"https:\/\/lagunaparkhotel.demo.deverso.tech\/wp-content\/uploads\/L2A1218-768x512.webp","type":"image\/jpeg"}],"twitter_card":"summary_large_image","twitter_misc":{"Szacowany czas czytania":"1 minuta"},"schema":{"@context":"https:\/\/schema.org","@graph":[{"@type":"WebPage","@id":"https:\/\/lagunaparkhotel.demo.deverso.tech\/pl\/sport\/","url":"https:\/\/lagunaparkhotel.demo.deverso.tech\/pl\/sport\/","name":"Hotel con noleggio biciclette a Bibione","isPartOf":{"@id":"https:\/\/lagunaparkhotel.demo.deverso.tech\/pl\/#website"},"primaryImageOfPage":{"@id":"https:\/\/lagunaparkhotel.demo.deverso.tech\/pl\/sport\/#primaryimage"},"image":{"@id":"https:\/\/lagunaparkhotel.demo.deverso.tech\/pl\/sport\/#primaryimage"},"thumbnailUrl":"https:\/\/lagunaparkhotel.demo.deverso.tech\/wp-content\/uploads\/L2A1218-768x512.webp","datePublished":"2025-10-09T07:44:37+00:00","dateModified":"2026-04-01T13:12:52+00:00","description":"Pedala tra pineta, laguna e mare: al Laguna Park Hotel vivi la tua vacanza attiva con noleggio bici, e-bike e tanti servizi pensati per chi ama muoversi in libert\u00e0.","breadcrumb":{"@id":"https:\/\/lagunaparkhotel.demo.deverso.tech\/pl\/sport\/#breadcrumb"},"inLanguage":"pl-PL","potentialAction":[{"@type":"ReadAction","target":["https:\/\/lagunaparkhotel.demo.deverso.tech\/pl\/sport\/"]}]},{"@type":"ImageObject","inLanguage":"pl-PL","@id":"https:\/\/lagunaparkhotel.demo.deverso.tech\/pl\/sport\/#primaryimage","url":"https:\/\/lagunaparkhotel.demo.deverso.tech\/wp-content\/uploads\/L2A1218-768x512.webp","contentUrl":"https:\/\/lagunaparkhotel.demo.deverso.tech\/wp-content\/uploads\/L2A1218-768x512.webp","width":2560,"height":1708,"caption":"Passeggiata natura in spiaggia"},{"@type":"BreadcrumbList","@id":"https:\/\/lagunaparkhotel.demo.deverso.tech\/pl\/sport\/#breadcrumb","itemListElement":[{"@type":"ListItem","position":1,"name":"Home","item":"https:\/\/lagunaparkhotel.demo.deverso.tech\/pl\/"},{"@type":"ListItem","position":2,"name":"Sport e attivit\u00e0 nella natura, dal tuo hotel a Bibione"}]},{"@type":"WebSite","@id":"https:\/\/lagunaparkhotel.demo.deverso.tech\/pl\/#website","url":"https:\/\/lagunaparkhotel.demo.deverso.tech\/pl\/","name":"Laguna Park Hotel Bibione","description":"","potentialAction":[{"@type":"SearchAction","target":{"@type":"EntryPoint","urlTemplate":"https:\/\/lagunaparkhotel.demo.deverso.tech\/pl\/?s={search_term_string}"},"query-input":{"@type":"PropertyValueSpecification","valueRequired":true,"valueName":"search_term_string"}}],"inLanguage":"pl-PL"}]}},"_links":{"self":[{"href":"https:\/\/lagunaparkhotel.demo.deverso.tech\/pl\/wp-json\/wp\/v2\/pages\/82455","targetHints":{"allow":["GET"]}}],"collection":[{"href":"https:\/\/lagunaparkhotel.demo.deverso.tech\/pl\/wp-json\/wp\/v2\/pages"}],"about":[{"href":"https:\/\/lagunaparkhotel.demo.deverso.tech\/pl\/wp-json\/wp\/v2\/types\/page"}],"author":[{"embeddable":true,"href":"https:\/\/lagunaparkhotel.demo.deverso.tech\/pl\/wp-json\/wp\/v2\/users\/1"}],"replies":[{"embeddable":true,"href":"https:\/\/lagunaparkhotel.demo.deverso.tech\/pl\/wp-json\/wp\/v2\/comments?post=82455"}],"version-history":[{"count":1,"href":"https:\/\/lagunaparkhotel.demo.deverso.tech\/pl\/wp-json\/wp\/v2\/pages\/82455\/revisions"}],"predecessor-version":[{"id":83816,"href":"https:\/\/lagunaparkhotel.demo.deverso.tech\/pl\/wp-json\/wp\/v2\/pages\/82455\/revisions\/83816"}],"wp:featuredmedia":[{"embeddable":true,"href":"https:\/\/lagunaparkhotel.demo.deverso.tech\/pl\/wp-json\/wp\/v2\/media\/84883"}],"wp:attachment":[{"href":"https:\/\/lagunaparkhotel.demo.deverso.tech\/pl\/wp-json\/wp\/v2\/media?parent=82455"}],"wp:term":[{"taxonomy":"category_page","embeddable":true,"href":"https:\/\/lagunaparkhotel.demo.deverso.tech\/pl\/wp-json\/wp\/v2\/category_page?post=82455"}],"curies":[{"name":"wp","href":"https:\/\/api.w.org\/{rel}","templated":true}]}}