{"id":82461,"date":"2025-10-09T09:36:26","date_gmt":"2025-10-09T07:36:26","guid":{"rendered":"https:\/\/lagunaparkhotel.demo.deverso.tech\/contatti\/"},"modified":"2025-10-09T09:36:26","modified_gmt":"2025-10-09T07:36:26","slug":"contatti","status":"publish","type":"page","link":"https:\/\/lagunaparkhotel.demo.deverso.tech\/pl\/contatti\/","title":{"rendered":"Siamo a vostra disposizione"},"content":{"rendered":"\n<p>Contatta&nbsp;<strong>Laguna Park Hotel<\/strong>&nbsp;per conoscere tutte le possibilit\u00e0 e le offerte per le tue vacanze a Bibione! Lo staff del nostro hotel sar\u00e0 lieto di risponderti con cortesia e professionalit\u00e0 per darti tutte le informazioni di cui hai bisogno.<\/p>\n\n\n\n<p>Potrai conoscere tutto ci\u00f2 che Bibione ha da offrire per le tue vacanze: dalla lussureggiante pineta da visitare per trascorrere rilassanti momenti a contatto con la natura e fare divertenti escursioni con la famiglia, al centro termale dove poterti coccolare e prenderti cura del tuo benessere. Ti illustreremo inoltre i servizi del nostro hotel di Bibione per le tue vacanze e le occasioni di svago offerte dalla citt\u00e0.<\/p>\n\n\n\n<p>Utilizza il nostro servizio di&nbsp;<strong>booking online<\/strong>&nbsp;per&nbsp;<strong>prenotare<\/strong>&nbsp;le tue vacanze a Bibione, \u00e8 comodo, sicuro e veloce, e ti permetter\u00e0 di visualizzare le camere e le suite dell\u2019albergo, verificarne la disponibilit\u00e0 per il periodo di tuo interesse e prenotarle con pochi e semplici clic.<\/p>\n\n\n\n<p>Cerchi la\u00a0<strong>soluzione pi\u00f9 adatta<\/strong>\u00a0per le tue vacanze a Bibione?\u00a0<strong>Compila il form<\/strong>\u00a0e trovala con un nostro esperto a tua completa disposizione.<\/p>\n","protected":false},"excerpt":{"rendered":"<p>Contatta&nbsp;Laguna Park Hotel&nbsp;per conoscere tutte le possibilit\u00e0 e le offerte per le tue vacanze a Bibione! Lo staff del nostro hotel sar\u00e0 lieto di risponderti con cortesia e professionalit\u00e0 per&#8230;<\/p>\n","protected":false},"author":1,"featured_media":0,"parent":0,"menu_order":154,"comment_status":"closed","ping_status":"closed","template":"templates\/contactus-page.php","meta":{"_acf_changed":false,"footnotes":""},"category_page":[],"class_list":["post-82461","page","type-page","status-publish","hentry"],"acf":[],"yoast_head":"<!-- This site is optimized with the Yoast SEO plugin v27.4 - https:\/\/yoast.com\/product\/yoast-seo-wordpress\/ -->\n<title>Siamo a vostra disposizione - Laguna Park Hotel Bibione<\/title>\n<meta name=\"robots\" content=\"noindex, follow, max-snippet:-1, max-image-preview:large, max-video-preview:-1\" \/>\n<meta property=\"og:locale\" content=\"pl_PL\" \/>\n<meta property=\"og:type\" content=\"article\" \/>\n<meta property=\"og:title\" content=\"Siamo a vostra disposizione - Laguna Park Hotel Bibione\" \/>\n<meta property=\"og:description\" content=\"Contatta&nbsp;Laguna Park Hotel&nbsp;per conoscere tutte le possibilit\u00e0 e le offerte per le tue vacanze a Bibione! Lo staff del nostro hotel sar\u00e0 lieto di risponderti con cortesia e professionalit\u00e0 per...\" \/>\n<meta property=\"og:url\" content=\"https:\/\/lagunaparkhotel.demo.deverso.tech\/pl\/contatti\/\" \/>\n<meta property=\"og:site_name\" content=\"Laguna Park Hotel Bibione\" \/>\n<meta name=\"twitter:card\" content=\"summary_large_image\" \/>\n<meta name=\"twitter:label1\" content=\"Szacowany czas czytania\" \/>\n\t<meta name=\"twitter:data1\" content=\"1 minuta\" \/>\n<script type=\"application\/ld+json\" class=\"yoast-schema-graph\">{\"@context\":\"https:\\\/\\\/schema.org\",\"@graph\":[{\"@type\":\"WebPage\",\"@id\":\"https:\\\/\\\/lagunaparkhotel.demo.deverso.tech\\\/pl\\\/contatti\\\/\",\"url\":\"https:\\\/\\\/lagunaparkhotel.demo.deverso.tech\\\/pl\\\/contatti\\\/\",\"name\":\"Siamo a vostra disposizione - Laguna Park Hotel Bibione\",\"isPartOf\":{\"@id\":\"https:\\\/\\\/lagunaparkhotel.demo.deverso.tech\\\/pl\\\/#website\"},\"datePublished\":\"2025-10-09T07:36:26+00:00\",\"breadcrumb\":{\"@id\":\"https:\\\/\\\/lagunaparkhotel.demo.deverso.tech\\\/pl\\\/contatti\\\/#breadcrumb\"},\"inLanguage\":\"pl-PL\",\"potentialAction\":[{\"@type\":\"ReadAction\",\"target\":[\"https:\\\/\\\/lagunaparkhotel.demo.deverso.tech\\\/pl\\\/contatti\\\/\"]}]},{\"@type\":\"BreadcrumbList\",\"@id\":\"https:\\\/\\\/lagunaparkhotel.demo.deverso.tech\\\/pl\\\/contatti\\\/#breadcrumb\",\"itemListElement\":[{\"@type\":\"ListItem\",\"position\":1,\"name\":\"Home\",\"item\":\"https:\\\/\\\/lagunaparkhotel.demo.deverso.tech\\\/pl\\\/\"},{\"@type\":\"ListItem\",\"position\":2,\"name\":\"Siamo a vostra disposizione\"}]},{\"@type\":\"WebSite\",\"@id\":\"https:\\\/\\\/lagunaparkhotel.demo.deverso.tech\\\/pl\\\/#website\",\"url\":\"https:\\\/\\\/lagunaparkhotel.demo.deverso.tech\\\/pl\\\/\",\"name\":\"Laguna Park Hotel Bibione\",\"description\":\"\",\"potentialAction\":[{\"@type\":\"SearchAction\",\"target\":{\"@type\":\"EntryPoint\",\"urlTemplate\":\"https:\\\/\\\/lagunaparkhotel.demo.deverso.tech\\\/pl\\\/?s={search_term_string}\"},\"query-input\":{\"@type\":\"PropertyValueSpecification\",\"valueRequired\":true,\"valueName\":\"search_term_string\"}}],\"inLanguage\":\"pl-PL\"}]}<\/script>\n<!-- \/ Yoast SEO plugin. -->","yoast_head_json":{"title":"Siamo a vostra disposizione - Laguna Park Hotel Bibione","robots":{"index":"noindex","follow":"follow","max-snippet":"max-snippet:-1","max-image-preview":"max-image-preview:large","max-video-preview":"max-video-preview:-1"},"og_locale":"pl_PL","og_type":"article","og_title":"Siamo a vostra disposizione - Laguna Park Hotel Bibione","og_description":"Contatta&nbsp;Laguna Park Hotel&nbsp;per conoscere tutte le possibilit\u00e0 e le offerte per le tue vacanze a Bibione! Lo staff del nostro hotel sar\u00e0 lieto di risponderti con cortesia e professionalit\u00e0 per...","og_url":"https:\/\/lagunaparkhotel.demo.deverso.tech\/pl\/contatti\/","og_site_name":"Laguna Park Hotel Bibione","twitter_card":"summary_large_image","twitter_misc":{"Szacowany czas czytania":"1 minuta"},"schema":{"@context":"https:\/\/schema.org","@graph":[{"@type":"WebPage","@id":"https:\/\/lagunaparkhotel.demo.deverso.tech\/pl\/contatti\/","url":"https:\/\/lagunaparkhotel.demo.deverso.tech\/pl\/contatti\/","name":"Siamo a vostra disposizione - Laguna Park Hotel Bibione","isPartOf":{"@id":"https:\/\/lagunaparkhotel.demo.deverso.tech\/pl\/#website"},"datePublished":"2025-10-09T07:36:26+00:00","breadcrumb":{"@id":"https:\/\/lagunaparkhotel.demo.deverso.tech\/pl\/contatti\/#breadcrumb"},"inLanguage":"pl-PL","potentialAction":[{"@type":"ReadAction","target":["https:\/\/lagunaparkhotel.demo.deverso.tech\/pl\/contatti\/"]}]},{"@type":"BreadcrumbList","@id":"https:\/\/lagunaparkhotel.demo.deverso.tech\/pl\/contatti\/#breadcrumb","itemListElement":[{"@type":"ListItem","position":1,"name":"Home","item":"https:\/\/lagunaparkhotel.demo.deverso.tech\/pl\/"},{"@type":"ListItem","position":2,"name":"Siamo a vostra disposizione"}]},{"@type":"WebSite","@id":"https:\/\/lagunaparkhotel.demo.deverso.tech\/pl\/#website","url":"https:\/\/lagunaparkhotel.demo.deverso.tech\/pl\/","name":"Laguna Park Hotel Bibione","description":"","potentialAction":[{"@type":"SearchAction","target":{"@type":"EntryPoint","urlTemplate":"https:\/\/lagunaparkhotel.demo.deverso.tech\/pl\/?s={search_term_string}"},"query-input":{"@type":"PropertyValueSpecification","valueRequired":true,"valueName":"search_term_string"}}],"inLanguage":"pl-PL"}]}},"_links":{"self":[{"href":"https:\/\/lagunaparkhotel.demo.deverso.tech\/pl\/wp-json\/wp\/v2\/pages\/82461","targetHints":{"allow":["GET"]}}],"collection":[{"href":"https:\/\/lagunaparkhotel.demo.deverso.tech\/pl\/wp-json\/wp\/v2\/pages"}],"about":[{"href":"https:\/\/lagunaparkhotel.demo.deverso.tech\/pl\/wp-json\/wp\/v2\/types\/page"}],"author":[{"embeddable":true,"href":"https:\/\/lagunaparkhotel.demo.deverso.tech\/pl\/wp-json\/wp\/v2\/users\/1"}],"replies":[{"embeddable":true,"href":"https:\/\/lagunaparkhotel.demo.deverso.tech\/pl\/wp-json\/wp\/v2\/comments?post=82461"}],"version-history":[{"count":0,"href":"https:\/\/lagunaparkhotel.demo.deverso.tech\/pl\/wp-json\/wp\/v2\/pages\/82461\/revisions"}],"wp:attachment":[{"href":"https:\/\/lagunaparkhotel.demo.deverso.tech\/pl\/wp-json\/wp\/v2\/media?parent=82461"}],"wp:term":[{"taxonomy":"category_page","embeddable":true,"href":"https:\/\/lagunaparkhotel.demo.deverso.tech\/pl\/wp-json\/wp\/v2\/category_page?post=82461"}],"curies":[{"name":"wp","href":"https:\/\/api.w.org\/{rel}","templated":true}]}}