{"id":80457,"date":"2025-12-18T17:06:30","date_gmt":"2025-12-18T16:06:30","guid":{"rendered":"https:\/\/lagunaparkhotel.demo.deverso.tech\/condizioni-generali\/"},"modified":"2026-01-15T16:45:25","modified_gmt":"2026-01-15T15:45:25","slug":"condizioni-generali","status":"publish","type":"page","link":"https:\/\/lagunaparkhotel.demo.deverso.tech\/ro\/condizioni-generali\/","title":{"rendered":"Condi\u021bii generale"},"content":{"rendered":"\n<p><strong>CHECK-IN<\/strong> de la ora 13:00 | <strong>CHECK-OUT<\/strong> p\u00e2n\u0103 la ora 10:00<\/p>\n\n\n\n<h2 class=\"wp-block-heading has-large-font-size\">Politica de anulare:<\/h2>\n\n\n\n<ul class=\"wp-block-list\">\n<li>\u00cen cazul anul\u0103rii cu p\u00e2n\u0103 la 15 de zile \u00eenainte de sosire: posibilitatea de a modifica datele sejurului f\u0103r\u0103 penaliz\u0103ri sau de a transforma avansul \u00eentr-un voucher valabil pentru o rezervare \u00een cursul anului \u00een care a fost f\u0103cut\u0103 sau cel t\u00e2rziu \u00een anul urm\u0103tor.<\/li>\n\n\n\n<li>Cu 14 de zile \u00eenainte de sosire p\u00e2n\u0103 la no show: avans pierdut.<\/li>\n\n\n\n<li>Pentru tariful \u201eNE RIMBURSABIL\u201d, \u00een caz de anulare, modific\u0103ri sau neprezentare, se va percepe \u00eentreaga sum\u0103 a sejurului.<\/li>\n<\/ul>\n\n\n\n<h2 class=\"wp-block-heading has-large-font-size\">Sosire, neprezentare:<\/h2>\n\n\n\n<p>Sosirea trebuie s\u0103 aib\u0103 loc \u00een ziua stabilit\u0103 dup\u0103 ora 13:00. La sosire, trebuie prezentate, pentru \u00eenregistrare, documentele de identitate ale tuturor persoanelor care ocup\u0103 camera.<br>\u00cen caz de \u00eent\u00e2rziere, Clientul trebuie s\u0103 informeze prompt Hotelul; \u00een caz contrar, camera va fi p\u0103strat\u0103 p\u00e2n\u0103 la ora 10:00 a zilei urm\u0103toare, dup\u0103 care Hotelul se va considera liber s\u0103 o \u00eenchirieze unor ter\u021bi.<\/p>\n\n\n\n<h2 class=\"wp-block-heading has-large-font-size\">Plecare anticipat\u0103:<\/h2>\n\n\n\n<p>Hotelierul, \u00een cazul \u00een care clientul cazat decide s\u0103 plece mai devreme dec\u00e2t perioada convenit\u0103 &#8211; cu excep\u021bia cazului de for\u021b\u0103 major\u0103 documentat\u0103 &#8211; poate solicita clientului plata camerei pentru \u00eentreaga perioad\u0103 indicat\u0103 \u00een rezervare (cu excep\u021bia cazurilor de culp\u0103 atribuite hotelierului sau angaja\u021bilor acestuia), cu deducerea eventualelor mese neconsumate.<\/p>\n\n\n\n<h2 class=\"wp-block-heading has-large-font-size\">Calculul Pre\u021burilor:<\/h2>\n\n\n\n<p>Reduceri (pentru persoanele cazate \u00een camer\u0103 cu 2 persoane care pl\u0103tesc pre\u021bul \u00eentreg, inclusiv pat pentru copii sau p\u0103tu\u021b):<br>100% pentru copiii \u00eentre 0 \u0219i 2,99 ani | 50% pentru copiii \u00eentre 3 \u0219i 5,99 ani | 30% pentru copiii \u00eentre 6 \u0219i 13,99 ani | 15% pentru a treia persoan\u0103 cu v\u00e2rsta de la 14 ani \u00een sus<br>(\u00een camerele Classica \u0219i Luminosa este posibil\u0103 ad\u0103ugarea gratuit\u0103 a unui copil suplimentar \u00eentre 0 \u0219i 2 ani \u00een pat cu p\u0103rin\u021bii sau \u00eentr-un p\u0103tu\u021b)<\/p>\n\n\n\n<h2 class=\"wp-block-heading has-large-font-size\">Servicii incluse:<\/h2>\n\n\n\n<ul class=\"wp-block-list\">\n<li>TVA<\/li>\n\n\n\n<li>Serviciu de plaj\u0103 (o umbrel\u0103, dou\u0103 \u0219ezlonguri XL \u2013 serviciu garantat de la mijlocul lunii mai p\u00e2n\u0103 la mijlocul lunii septembrie)<\/li>\n\n\n\n<li>Utilizarea piscinei \u0219i a zonei de relaxare la soare (din mai p\u00e2n\u0103 \u00een septembrie), sal\u0103 de jocuri interioar\u0103<\/li>\n\n\n\n<li>Acces la zona de wellness \u201eLaguna SPA\u201d \u0219i la zona de fitness cardio<\/li>\n\n\n\n<li>Serviciu de transfer c\u0103tre centrul Bibione Spiaggia<\/li>\n\n\n\n<li>Cur\u0103\u021benie zilnic\u0103 cu schimb de prosoape de plaj\u0103, lenjerie de pat \u0219i prosoape de baie<\/li>\n\n\n\n<li>Activit\u0103\u021bi de divertisment: program pentru copii, activit\u0103\u021bi de wellness soft pentru adul\u021bi \u0219i spectacole de sear\u0103<\/li>\n\n\n\n<li>\u00cenchiriere biciclete (\u00een limita disponibilit\u0103\u021bii)<\/li>\n\n\n\n<li>Aer condi\u021bionat \/ \u00cenc\u0103lzire<\/li>\n\n\n\n<li>Loc de parcare \u00een garaj<\/li>\n\n\n\n<li>Wi-Fi<\/li>\n\n\n\n<li>Europa Card: card de reducere pentru Bibione Thermae, restaurante, magazine \u0219i activit\u0103\u021bi diverse<\/li>\n<\/ul>\n\n\n\n<h2 class=\"wp-block-heading has-large-font-size\">Servicii contra cost:<\/h2>\n\n\n\n<ul class=\"wp-block-list\">\n<li>B\u0103uturi: nu sunt incluse<\/li>\n\n\n\n<li>Tax\u0103 de sejur: pre\u021bul nu include taxa de sejur de 2,35 \u20ac de persoan\u0103 pe noapte pentru oaspe\u021bii de la 4 ani \u00een sus, p\u00e2n\u0103 la un maximum de 10 nop\u021bi consecutive<\/li>\n\n\n\n<li>Serviciu restaurant: Bufet Free Service sau servire la mas\u0103 la discre\u021bia conducerii\n<ul class=\"wp-block-list\">\n<li>Mic dejun suplimentar \u201eFree Service\u201d: 20,00 \u20ac<\/li>\n\n\n\n<li>Cin\u0103 suplimentar\u0103 \u201eFree Service\u201d (f\u0103r\u0103 b\u0103uturi): 40,00 \u20ac<\/li>\n<\/ul>\n<\/li>\n\n\n\n<li>Tratamente \u0219i masaje la Laguna SPA (meniul \u0219i pre\u021burile pe pagina \u201eLaguna SPA\u201d)<\/li>\n<\/ul>\n\n\n\n<p><strong>Animale<\/strong>: Animalele de companie nu sunt acceptate<\/p>\n\n\n\n<p><em>\u00cen caz de for\u021b\u0103 major\u0103 sau circumstan\u021be speciale, conducerea hotelurilor \u0219i aparthotelurilor Europa Tourist Group \u00ee\u0219i rezerv\u0103 dreptul de a transfera rezervarea, chiar \u0219i par\u021bial, la una dintre unit\u0103\u021bile noastre similare, \u00een acelea\u0219i condi\u021bii de pre\u021b \u0219i cu acelea\u0219i servicii.<\/em><\/p>\n\n\n\n<p><strong>CIN<\/strong>: IT027034A1BW2GWTW6lorem<\/p>\n","protected":false},"excerpt":{"rendered":"<p>CHECK-IN de la ora 13:00 | CHECK-OUT p\u00e2n\u0103 la ora 10:00 Politica de anulare: Sosire, neprezentare: Sosirea trebuie s\u0103 aib\u0103 loc \u00een ziua stabilit\u0103 dup\u0103 ora 13:00. La sosire, trebuie&#8230;<\/p>\n","protected":false},"author":1,"featured_media":0,"parent":0,"menu_order":83,"comment_status":"closed","ping_status":"closed","template":"templates\/full-text-page.php","meta":{"_acf_changed":false,"footnotes":""},"category_page":[],"class_list":["post-80457","page","type-page","status-publish","hentry"],"acf":[],"yoast_head":"<!-- This site is optimized with the Yoast SEO plugin v27.4 - https:\/\/yoast.com\/product\/yoast-seo-wordpress\/ -->\n<title>Condi\u021bii generale - Laguna Park Hotel Bibione<\/title>\n<meta name=\"robots\" content=\"noindex, follow, max-snippet:-1, max-image-preview:large, max-video-preview:-1\" \/>\n<meta property=\"og:locale\" content=\"ro_RO\" \/>\n<meta property=\"og:type\" content=\"article\" \/>\n<meta property=\"og:title\" content=\"Condi\u021bii generale - Laguna Park Hotel Bibione\" \/>\n<meta property=\"og:description\" content=\"CHECK-IN de la ora 13:00 | CHECK-OUT p\u00e2n\u0103 la ora 10:00 Politica de anulare: Sosire, neprezentare: Sosirea trebuie s\u0103 aib\u0103 loc \u00een ziua stabilit\u0103 dup\u0103 ora 13:00. La sosire, trebuie...\" \/>\n<meta property=\"og:url\" content=\"https:\/\/lagunaparkhotel.demo.deverso.tech\/ro\/condizioni-generali\/\" \/>\n<meta property=\"og:site_name\" content=\"Laguna Park Hotel Bibione\" \/>\n<meta property=\"article:modified_time\" content=\"2026-01-15T15:45:25+00:00\" \/>\n<meta name=\"twitter:card\" content=\"summary_large_image\" \/>\n<meta name=\"twitter:label1\" content=\"Timp estimat pentru citire\" \/>\n\t<meta name=\"twitter:data1\" content=\"3 minute\" \/>\n<script type=\"application\/ld+json\" class=\"yoast-schema-graph\">{\"@context\":\"https:\\\/\\\/schema.org\",\"@graph\":[{\"@type\":\"WebPage\",\"@id\":\"https:\\\/\\\/lagunaparkhotel.demo.deverso.tech\\\/ro\\\/condizioni-generali\\\/\",\"url\":\"https:\\\/\\\/lagunaparkhotel.demo.deverso.tech\\\/ro\\\/condizioni-generali\\\/\",\"name\":\"Condi\u021bii generale - Laguna Park Hotel Bibione\",\"isPartOf\":{\"@id\":\"https:\\\/\\\/lagunaparkhotel.demo.deverso.tech\\\/ro\\\/#website\"},\"datePublished\":\"2025-12-18T16:06:30+00:00\",\"dateModified\":\"2026-01-15T15:45:25+00:00\",\"breadcrumb\":{\"@id\":\"https:\\\/\\\/lagunaparkhotel.demo.deverso.tech\\\/ro\\\/condizioni-generali\\\/#breadcrumb\"},\"inLanguage\":\"ro-RO\",\"potentialAction\":[{\"@type\":\"ReadAction\",\"target\":[\"https:\\\/\\\/lagunaparkhotel.demo.deverso.tech\\\/ro\\\/condizioni-generali\\\/\"]}]},{\"@type\":\"BreadcrumbList\",\"@id\":\"https:\\\/\\\/lagunaparkhotel.demo.deverso.tech\\\/ro\\\/condizioni-generali\\\/#breadcrumb\",\"itemListElement\":[{\"@type\":\"ListItem\",\"position\":1,\"name\":\"Home\",\"item\":\"https:\\\/\\\/lagunaparkhotel.demo.deverso.tech\\\/ro\\\/unde-eleganta-intalneste-relaxarea-pe-malul-marii-din-bibione\\\/\"},{\"@type\":\"ListItem\",\"position\":2,\"name\":\"Condi\u021bii generale\"}]},{\"@type\":\"WebSite\",\"@id\":\"https:\\\/\\\/lagunaparkhotel.demo.deverso.tech\\\/ro\\\/#website\",\"url\":\"https:\\\/\\\/lagunaparkhotel.demo.deverso.tech\\\/ro\\\/\",\"name\":\"Laguna Park Hotel Bibione\",\"description\":\"\",\"potentialAction\":[{\"@type\":\"SearchAction\",\"target\":{\"@type\":\"EntryPoint\",\"urlTemplate\":\"https:\\\/\\\/lagunaparkhotel.demo.deverso.tech\\\/ro\\\/?s={search_term_string}\"},\"query-input\":{\"@type\":\"PropertyValueSpecification\",\"valueRequired\":true,\"valueName\":\"search_term_string\"}}],\"inLanguage\":\"ro-RO\"}]}<\/script>\n<!-- \/ Yoast SEO plugin. -->","yoast_head_json":{"title":"Condi\u021bii generale - Laguna Park Hotel Bibione","robots":{"index":"noindex","follow":"follow","max-snippet":"max-snippet:-1","max-image-preview":"max-image-preview:large","max-video-preview":"max-video-preview:-1"},"og_locale":"ro_RO","og_type":"article","og_title":"Condi\u021bii generale - Laguna Park Hotel Bibione","og_description":"CHECK-IN de la ora 13:00 | CHECK-OUT p\u00e2n\u0103 la ora 10:00 Politica de anulare: Sosire, neprezentare: Sosirea trebuie s\u0103 aib\u0103 loc \u00een ziua stabilit\u0103 dup\u0103 ora 13:00. La sosire, trebuie...","og_url":"https:\/\/lagunaparkhotel.demo.deverso.tech\/ro\/condizioni-generali\/","og_site_name":"Laguna Park Hotel Bibione","article_modified_time":"2026-01-15T15:45:25+00:00","twitter_card":"summary_large_image","twitter_misc":{"Timp estimat pentru citire":"3 minute"},"schema":{"@context":"https:\/\/schema.org","@graph":[{"@type":"WebPage","@id":"https:\/\/lagunaparkhotel.demo.deverso.tech\/ro\/condizioni-generali\/","url":"https:\/\/lagunaparkhotel.demo.deverso.tech\/ro\/condizioni-generali\/","name":"Condi\u021bii generale - Laguna Park Hotel Bibione","isPartOf":{"@id":"https:\/\/lagunaparkhotel.demo.deverso.tech\/ro\/#website"},"datePublished":"2025-12-18T16:06:30+00:00","dateModified":"2026-01-15T15:45:25+00:00","breadcrumb":{"@id":"https:\/\/lagunaparkhotel.demo.deverso.tech\/ro\/condizioni-generali\/#breadcrumb"},"inLanguage":"ro-RO","potentialAction":[{"@type":"ReadAction","target":["https:\/\/lagunaparkhotel.demo.deverso.tech\/ro\/condizioni-generali\/"]}]},{"@type":"BreadcrumbList","@id":"https:\/\/lagunaparkhotel.demo.deverso.tech\/ro\/condizioni-generali\/#breadcrumb","itemListElement":[{"@type":"ListItem","position":1,"name":"Home","item":"https:\/\/lagunaparkhotel.demo.deverso.tech\/ro\/unde-eleganta-intalneste-relaxarea-pe-malul-marii-din-bibione\/"},{"@type":"ListItem","position":2,"name":"Condi\u021bii generale"}]},{"@type":"WebSite","@id":"https:\/\/lagunaparkhotel.demo.deverso.tech\/ro\/#website","url":"https:\/\/lagunaparkhotel.demo.deverso.tech\/ro\/","name":"Laguna Park Hotel Bibione","description":"","potentialAction":[{"@type":"SearchAction","target":{"@type":"EntryPoint","urlTemplate":"https:\/\/lagunaparkhotel.demo.deverso.tech\/ro\/?s={search_term_string}"},"query-input":{"@type":"PropertyValueSpecification","valueRequired":true,"valueName":"search_term_string"}}],"inLanguage":"ro-RO"}]}},"_links":{"self":[{"href":"https:\/\/lagunaparkhotel.demo.deverso.tech\/ro\/wp-json\/wp\/v2\/pages\/80457","targetHints":{"allow":["GET"]}}],"collection":[{"href":"https:\/\/lagunaparkhotel.demo.deverso.tech\/ro\/wp-json\/wp\/v2\/pages"}],"about":[{"href":"https:\/\/lagunaparkhotel.demo.deverso.tech\/ro\/wp-json\/wp\/v2\/types\/page"}],"author":[{"embeddable":true,"href":"https:\/\/lagunaparkhotel.demo.deverso.tech\/ro\/wp-json\/wp\/v2\/users\/1"}],"replies":[{"embeddable":true,"href":"https:\/\/lagunaparkhotel.demo.deverso.tech\/ro\/wp-json\/wp\/v2\/comments?post=80457"}],"version-history":[{"count":4,"href":"https:\/\/lagunaparkhotel.demo.deverso.tech\/ro\/wp-json\/wp\/v2\/pages\/80457\/revisions"}],"predecessor-version":[{"id":80490,"href":"https:\/\/lagunaparkhotel.demo.deverso.tech\/ro\/wp-json\/wp\/v2\/pages\/80457\/revisions\/80490"}],"wp:attachment":[{"href":"https:\/\/lagunaparkhotel.demo.deverso.tech\/ro\/wp-json\/wp\/v2\/media?parent=80457"}],"wp:term":[{"taxonomy":"category_page","embeddable":true,"href":"https:\/\/lagunaparkhotel.demo.deverso.tech\/ro\/wp-json\/wp\/v2\/category_page?post=80457"}],"curies":[{"name":"wp","href":"https:\/\/api.w.org\/{rel}","templated":true}]}}